{"id":2077,"date":"2019-01-31T01:46:16","date_gmt":"2019-01-31T01:46:16","guid":{"rendered":"http:\/\/www.cybermatica.com.py\/?post_type=product&#038;p=2077"},"modified":"2019-01-31T01:46:17","modified_gmt":"2019-01-31T01:46:17","slug":"fanvill-x3s-lcd-color","status":"publish","type":"product","link":"https:\/\/www.cybermatica.com.py\/?product=fanvill-x3s-lcd-color","title":{"rendered":"Fanvill X3S LCD Color"},"content":{"rendered":"<p>El nuevo tel\u00e9fono X3S IP de Fanvil es una obra maestra industrial que ofrece una experiencia de usuario superior y simplicidad para los usuarios dom\u00e9sticos y de oficina con aspecto elegante y software inteligente. X3S se est\u00e1 posicionando para no s\u00f3lo un tel\u00e9fono de un usuario para la comunicaci\u00f3n, sino tambi\u00e9n una obra de arte agradable en su sala de estar en la oficina.<\/p>\n<p><span style=\"font-size: 14pt;\"><strong>CARACTER\u00cdSTICAS<\/strong><\/span><br \/>\nLCD a color de 2.4 \/ 2.8 pulgadas (320&#215;240)<br \/>\nF\u00e1cil instalaci\u00f3n y configuraci\u00f3n<br \/>\nInterfaz de usuario inteligente y amigable<br \/>\nProtocolos de abastecimiento seguros y completos<br \/>\nAlta Interoperabilidad &#8211; Compatible con las principales plataformas: 3CX, Broadsoft, Elastix, Asterisk, Xorcom, etc.<\/p>\n<p>gen\u00e9rico<br \/>\n2 l\u00edneas SIP Voz HD<br \/>\nModo de auriculares (HS) \/ manos libres (HF) \/ auriculares (HP) (EHS Soporte para auriculares Plantronics)<br \/>\nInstalaci\u00f3n en la mesa \/ en pared<br \/>\nCertificaciones industriales est\u00e1ndar: CE \/ FCC<\/p>\n<p><span style=\"font-size: 14pt;\"><strong>Funciones de llamada<\/strong><\/span><br \/>\n\u2022 Llamar \/ responder \/ rechazar<br \/>\n\u2022 Silenciar \/ activar el sonido (micr\u00f3fono)<br \/>\n\u2022 Retenci\u00f3n de llamada \/ Reanudar<br \/>\n\u2022 Llamada en espera<br \/>\n\u2022 Intercomunicador<br \/>\n\u2022 Pantalla de identificaci\u00f3n del llamante<br \/>\n\u2022 Enrutamiento de llamadas (Siempre \/ Ocupado \/ Sin respuesta)<br \/>\n\u2022 Transferencia de llamadas (Attended \/ Unattended)<br \/>\n\u2022 Estacionamiento de llamadas \/ Pick-up (dependiendo del servidor)<br \/>\n\u2022 Rellamada<br \/>\n\u2022 No molestar (por l\u00ednea \/ por tel\u00e9fono)<br \/>\n\u2022 Servicio autom\u00e1tico (por l\u00ednea)<br \/>\n\u2022 Mensaje de voz (en el servidor)<br \/>\n\u2022 Conferencia local de 3 v\u00edas<br \/>\n\u2022 L\u00ednea directa<\/p>\n","protected":false},"excerpt":{"rendered":"<p><span style=\"font-size: 14pt;\"><strong>Especificaciones f\u00edsicas <\/strong><\/span><\/p>\n<p>\u2022 LCD x1: LCD a color de 2,4 \/ 2,8 pulgadas (320 x 240)<\/p>\n<p>\u2022 Teclado: 32 teclas, incluyendo<\/p>\n<p>4 Teclas de funci\u00f3n<\/p>\n<p>12 Teclas de d\u00edgitos del tel\u00e9fono est\u00e1ndar<\/p>\n<p>5 teclas de navegaci\u00f3n<\/p>\n<p>2 teclas de l\u00ednea con LED tricolor<\/p>\n<p>5 Tecla de funci\u00f3n<\/p>\n<p>3 Teclas de control de volumen, Arriba \/ Abajo \/ Sin sonido (Micr\u00f3fono)<\/p>\n<p>1 manos libres \u2022 Altavoz manos libres HD (0 ~ 7KHz) x1<\/p>\n<p>\u2022 Micr\u00f3fono manos libres HD (0 ~ 7KHz) x1<\/p>\n<p>\u2022 Auricular HD (RJ9) x1<\/p>\n<p>\u2022 Cable del aparato est\u00e1ndar RJ9 x1<\/p>\n<p>\u2022 Cable Ethernet CAT5 de 1,5M x1<\/p>\n<p>\u2022 RJ9 x2: Auricular x1, Auriculares x1<\/p>\n<p>\u2022 Chipset principal: Broadcom<\/p>\n<p>\u2022 Entrada de alimentaci\u00f3n DC: 5V \/ 600mA<\/p>\n<p>\u2022 Temperatura de trabajo: 0 ~ 40?<\/p>\n<p>\u2022 Humedad de trabajo: 10 ~ 65%<\/p>\n<p>\u2022 Dual-Functional Back Rack x1: Soporte de mesa \/ Montaje en pared<\/p>\n<p>\u2022 Color negro \u2022 Dimensiones del embalaje: 275x215x62mm (L x A x L)<\/p>\n","protected":false},"featured_media":2076,"comment_status":"open","ping_status":"closed","template":"","meta":{"_joinchat":[]},"product_brand":[],"product_cat":[72],"product_tag":[],"class_list":{"0":"post-2077","1":"product","2":"type-product","3":"status-publish","4":"has-post-thumbnail","6":"product_cat-fanvill","8":"first","9":"instock","10":"shipping-taxable","11":"purchasable","12":"product-type-simple"},"aioseo_notices":[],"jetpack_sharing_enabled":true,"_links":{"self":[{"href":"https:\/\/www.cybermatica.com.py\/index.php?rest_route=\/wp\/v2\/product\/2077","targetHints":{"allow":["GET"]}}],"collection":[{"href":"https:\/\/www.cybermatica.com.py\/index.php?rest_route=\/wp\/v2\/product"}],"about":[{"href":"https:\/\/www.cybermatica.com.py\/index.php?rest_route=\/wp\/v2\/types\/product"}],"replies":[{"embeddable":true,"href":"https:\/\/www.cybermatica.com.py\/index.php?rest_route=%2Fwp%2Fv2%2Fcomments&post=2077"}],"wp:featuredmedia":[{"embeddable":true,"href":"https:\/\/www.cybermatica.com.py\/index.php?rest_route=\/wp\/v2\/media\/2076"}],"wp:attachment":[{"href":"https:\/\/www.cybermatica.com.py\/index.php?rest_route=%2Fwp%2Fv2%2Fmedia&parent=2077"}],"wp:term":[{"taxonomy":"product_brand","embeddable":true,"href":"https:\/\/www.cybermatica.com.py\/index.php?rest_route=%2Fwp%2Fv2%2Fproduct_brand&post=2077"},{"taxonomy":"product_cat","embeddable":true,"href":"https:\/\/www.cybermatica.com.py\/index.php?rest_route=%2Fwp%2Fv2%2Fproduct_cat&post=2077"},{"taxonomy":"product_tag","embeddable":true,"href":"https:\/\/www.cybermatica.com.py\/index.php?rest_route=%2Fwp%2Fv2%2Fproduct_tag&post=2077"}],"curies":[{"name":"wp","href":"https:\/\/api.w.org\/{rel}","templated":true}]}}