{"id":1753,"date":"2017-11-08T15:50:03","date_gmt":"2017-11-08T15:50:03","guid":{"rendered":"http:\/\/www.cybermatica.com.py\/?post_type=product&#038;p=1753"},"modified":"2017-11-08T15:50:03","modified_gmt":"2017-11-08T15:50:03","slug":"mikrotik-routerboard-rb-750upr2-hex-poe-lite-650mhz-64mb-l4","status":"publish","type":"product","link":"https:\/\/www.cybermatica.com.py\/?product=mikrotik-routerboard-rb-750upr2-hex-poe-lite-650mhz-64mb-l4","title":{"rendered":"MIKROTIK- ROUTERBOARD RB 750UPR2 HEX POE LITE 650MHZ 64MB L4"},"content":{"rendered":"<pre id=\"tw-target-text\" class=\"tw-data-text tw-ta tw-text-small\" dir=\"ltr\" data-placeholder=\"Traducci\u00f3n\" data-fulltext=\"\"><span style=\"font-size: 12pt; font-family: Arial, Helvetica, sans-serif;\"><span lang=\"es\">Hex PoE Lite\r\n\r\nHex PoE lite es un peque\u00f1o router con cinco puertos Ethernet, tiene un puerto USB 2.0 y salida de PoE.\r\n\r\nPuertos 2-5 puede alimentar otros dispositivos PoE con el mismo voltaje aplicado a la unidad. La corriente m\u00e1xima es 1A por puerto, los puertos Ethernet est\u00e1n blindados.\r\n\r\nEs accesible, peque\u00f1o y f\u00e1cil de usar. Con su dise\u00f1o compacto y apariencia limpia, se encaja perfectamente en cualquier ambiente SOHO\r\n<span style=\"font-size: 14pt;\"><strong>\r\nEspecificaciones del producto<\/strong><\/span>\r\nDetalles\r\nC\u00f3digo del producto: RB750UPr2\r\nFrecuencia nominal de la CPU: 650 MHz\r\nCPU recuento de n\u00facleos 1\r\nTama\u00f1o de la RAM 64 MB\r\nPuertos Ethernet 10\/100 5\r\nPuertos Ethernet 10\/100\/1000 Ninguno\r\nN\u00famero de puertos USB 1\r\nPower Jack 1\r\nTensi\u00f3n de entrada soportada 6 V - V 30\r\nPoE en s\u00ed\r\nPoE hacia fuera s\u00ed\r\nMonitor de tensi\u00f3n s\u00ed\r\nCPU de monitor de temperatura No\r\nMonitor de temperatura PCB s\u00ed\r\nDimensiones 113x89x28mm\r\nSistema operativo RouterOS\r\nRango de temperatura de funcionamiento: -30 + 70 C\r\nNivel de licencia 4\r\nMonitor de corriente s\u00ed\r\nCPU QCA9531\r\nConsumo M\u00e1ximo de Energ\u00eda 3W\r\nTipo de ranura USB USB tipo A<\/span><\/span><\/pre>\n","protected":false},"excerpt":{"rendered":"<p>Hex PoE Lite Hex PoE lite es un peque\u00f1o router con cinco puertos Ethernet, tiene un puerto USB 2.0 y salida de PoE. Puertos 2-5 puede alimentar otros dispositivos PoE con el mismo voltaje aplicado a la unidad. La corriente m\u00e1xima es 1A por puerto, los puertos Ethernet est\u00e1n blindados. Es accesible, peque\u00f1o y f\u00e1cil de usar. Con su dise\u00f1o compacto y apariencia limpia, se encaja perfectamente en cualquier ambiente SOHO<\/p>\n","protected":false},"featured_media":1754,"comment_status":"open","ping_status":"closed","template":"","meta":{"_joinchat":[]},"product_brand":[],"product_cat":[55],"product_tag":[],"class_list":{"0":"post-1753","1":"product","2":"type-product","3":"status-publish","4":"has-post-thumbnail","6":"product_cat-categoria-de-router","8":"first","9":"instock","10":"downloadable","11":"shipping-taxable","12":"purchasable","13":"product-type-simple"},"aioseo_notices":[],"jetpack_sharing_enabled":true,"_links":{"self":[{"href":"https:\/\/www.cybermatica.com.py\/index.php?rest_route=\/wp\/v2\/product\/1753","targetHints":{"allow":["GET"]}}],"collection":[{"href":"https:\/\/www.cybermatica.com.py\/index.php?rest_route=\/wp\/v2\/product"}],"about":[{"href":"https:\/\/www.cybermatica.com.py\/index.php?rest_route=\/wp\/v2\/types\/product"}],"replies":[{"embeddable":true,"href":"https:\/\/www.cybermatica.com.py\/index.php?rest_route=%2Fwp%2Fv2%2Fcomments&post=1753"}],"wp:featuredmedia":[{"embeddable":true,"href":"https:\/\/www.cybermatica.com.py\/index.php?rest_route=\/wp\/v2\/media\/1754"}],"wp:attachment":[{"href":"https:\/\/www.cybermatica.com.py\/index.php?rest_route=%2Fwp%2Fv2%2Fmedia&parent=1753"}],"wp:term":[{"taxonomy":"product_brand","embeddable":true,"href":"https:\/\/www.cybermatica.com.py\/index.php?rest_route=%2Fwp%2Fv2%2Fproduct_brand&post=1753"},{"taxonomy":"product_cat","embeddable":true,"href":"https:\/\/www.cybermatica.com.py\/index.php?rest_route=%2Fwp%2Fv2%2Fproduct_cat&post=1753"},{"taxonomy":"product_tag","embeddable":true,"href":"https:\/\/www.cybermatica.com.py\/index.php?rest_route=%2Fwp%2Fv2%2Fproduct_tag&post=1753"}],"curies":[{"name":"wp","href":"https:\/\/api.w.org\/{rel}","templated":true}]}}