{"id":1747,"date":"2017-11-08T15:16:41","date_gmt":"2017-11-08T15:16:41","guid":{"rendered":"http:\/\/www.cybermatica.com.py\/?post_type=product&#038;p=1747"},"modified":"2017-11-08T15:16:41","modified_gmt":"2017-11-08T15:16:41","slug":"mikrotik-routerboard-rb-2011uias-2hnd-in-l5","status":"publish","type":"product","link":"https:\/\/www.cybermatica.com.py\/?product=mikrotik-routerboard-rb-2011uias-2hnd-in-l5","title":{"rendered":"MIKROTIK- ROUTERBOARD RB 2011UIAS-2HND-IN L5"},"content":{"rendered":"<pre id=\"tw-target-text\" class=\"tw-data-text tw-ta tw-text-small\" dir=\"ltr\" data-placeholder=\"Traducci\u00f3n\" data-fulltext=\"\"><span lang=\"es\" style=\"font-size: 12pt; font-family: Arial, Helvetica, sans-serif;\"><span style=\"font-size: 14pt;\"><strong>RB2011UAS-2HnD-IN<\/strong><\/span>\r\nEl RB2011 es un costo bajo serie dispositivo multi puerto. Dise\u00f1ado para uso en interiores, y disponible en muchos casos diferentes, con una infinidad de opciones. RB2011 A es alimentado por RouterOS, un sistema operativo totalmente caracterizado encaminamiento que ha sido continuamente mejorado a 15 a\u00f1os. Enrutamiento din\u00e1mico, hotspot, firewall, MPLS, VPN, calidad avanzada de servicio, balanceo de carga y conexi\u00f3n, en tiempo real, configuraci\u00f3n y monitoreo -. S\u00f3lo algunas de las numerosas funciones que soportan Routers RouterBOARD 2011UAS-2HnD tienen la mayor\u00eda de las caracter\u00edsticas e interfaces de todos nuestros routers inal\u00e1mbricos. Es alimentado por el 600MHz Atheros nuevo 74K MIPS procesador de red, tiene 128MB de RAM, cinco puertos Gigabit LAN, cinco puertos Fast Ethernet LAN y SFP jaula (SFP no incluido!). Adem\u00e1s, tiene doble cadena poderosa 1000mW 2.4Ghz 802.11bgn inal\u00e1mbrico AP, RJ45 puerto serie, puerto microUSB y RouterOS licencia L5, as\u00ed como caso de mesa con fuente de alimentaci\u00f3n, dos 4dBi Omni antenas y panel LCD\r\n<span style=\"font-size: 14pt;\"><strong>\r\nLas especificaciones de los productos<\/strong><\/span>\r\n\r\n<strong>Detalles<\/strong>\r\nC\u00f3digo del producto RB2011UAS-2HnD-IN\r\nVelocidad de la CPU 600MHz\r\nRAM 128MB\r\nPuertos LAN 5\r\nGigabit 5\r\nMiniPCI 0\r\nInal\u00e1mbrico integrado\r\nEst\u00e1ndares inal\u00e1mbricos 802.11b \/ g \/ n\r\nUSB microUSB\r\nPower Jack 8-28V DC\r\nSoporte 802.3af No\r\nPoE 8-28V DC en ether1\r\nMonitor de voltaje S\u00ed\r\nMonitor de temperatura de la CPU No\r\nPCB temperatura del monitor S\u00ed\r\nDimensiones 214 mm x 86 mm para PCB\r\nSistema Operativo RouterOS\r\nRango de temperatura -35C a +65 C\r\nRouterios Licencia L5\r\nGanancia de la antena 4dBi\r\nMonitor de corriente No\r\nTX poder 30dBm\r\nCPU Atheros AR9344\r\nMax Consumo de energ\u00eda 11W\r\nLos puertos SFP 1<\/span><\/pre>\n","protected":false},"excerpt":{"rendered":"<pre id=\"tw-target-text\" class=\"tw-data-text tw-ta tw-text-small\" dir=\"ltr\" data-placeholder=\"Traducci\u00f3n\" data-fulltext=\"\"><span lang=\"es\" style=\"font-family: Arial, Helvetica, sans-serif; font-size: 12pt;\"><span style=\"font-size: 14pt;\"><strong>RB2011UAS-2HnD-IN<\/strong><\/span>\r\nEl RB2011 es un costo bajo serie dispositivo multi puerto. Dise\u00f1ado para uso en interiores, y disponible en muchos casos diferentes, con una infinidad de opciones. RB2011 A es alimentado por RouterOS, un sistema operativo totalmente caracterizado encaminamiento que ha sido continuamente mejorado a 15 a\u00f1os. Enrutamiento din\u00e1mico, hotspot, firewall, MPLS, VPN, calidad avanzada de servicio, balanceo de carga y conexi\u00f3n, en tiempo real, configuraci\u00f3n y monitoreo -. S\u00f3lo algunas de las numerosas funciones que soportan Routers RouterBOARD 2011UAS-2HnD tienen la mayor\u00eda de las caracter\u00edsticas e interfaces de todos nuestros routers inal\u00e1mbricos. Es alimentado por el 600MHz Atheros nuevo 74K MIPS procesador de red, tiene 128MB de RAM, cinco puertos Gigabit LAN, cinco puertos Fast Ethernet LAN y SFP jaula (SFP no incluido!). Adem\u00e1s, tiene doble cadena poderosa 1000mW 2.4Ghz 802.11bgn inal\u00e1mbrico AP, RJ45 puerto serie, puerto microUSB y RouterOS licencia L5, as\u00ed como caso de mesa con fuente de alimentaci\u00f3n, dos 4dBi Omni antenas y panel LCD<\/span><\/pre>\n","protected":false},"featured_media":1748,"comment_status":"open","ping_status":"closed","template":"","meta":{"_joinchat":[]},"product_brand":[],"product_cat":[55],"product_tag":[],"class_list":{"0":"post-1747","1":"product","2":"type-product","3":"status-publish","4":"has-post-thumbnail","6":"product_cat-categoria-de-router","8":"first","9":"instock","10":"shipping-taxable","11":"purchasable","12":"product-type-simple"},"aioseo_notices":[],"jetpack_sharing_enabled":true,"_links":{"self":[{"href":"https:\/\/www.cybermatica.com.py\/index.php?rest_route=\/wp\/v2\/product\/1747","targetHints":{"allow":["GET"]}}],"collection":[{"href":"https:\/\/www.cybermatica.com.py\/index.php?rest_route=\/wp\/v2\/product"}],"about":[{"href":"https:\/\/www.cybermatica.com.py\/index.php?rest_route=\/wp\/v2\/types\/product"}],"replies":[{"embeddable":true,"href":"https:\/\/www.cybermatica.com.py\/index.php?rest_route=%2Fwp%2Fv2%2Fcomments&post=1747"}],"wp:featuredmedia":[{"embeddable":true,"href":"https:\/\/www.cybermatica.com.py\/index.php?rest_route=\/wp\/v2\/media\/1748"}],"wp:attachment":[{"href":"https:\/\/www.cybermatica.com.py\/index.php?rest_route=%2Fwp%2Fv2%2Fmedia&parent=1747"}],"wp:term":[{"taxonomy":"product_brand","embeddable":true,"href":"https:\/\/www.cybermatica.com.py\/index.php?rest_route=%2Fwp%2Fv2%2Fproduct_brand&post=1747"},{"taxonomy":"product_cat","embeddable":true,"href":"https:\/\/www.cybermatica.com.py\/index.php?rest_route=%2Fwp%2Fv2%2Fproduct_cat&post=1747"},{"taxonomy":"product_tag","embeddable":true,"href":"https:\/\/www.cybermatica.com.py\/index.php?rest_route=%2Fwp%2Fv2%2Fproduct_tag&post=1747"}],"curies":[{"name":"wp","href":"https:\/\/api.w.org\/{rel}","templated":true}]}}