{"id":1740,"date":"2017-11-08T13:48:28","date_gmt":"2017-11-08T13:48:28","guid":{"rendered":"http:\/\/www.cybermatica.com.py\/?post_type=product&#038;p=1740"},"modified":"2017-11-08T13:49:53","modified_gmt":"2017-11-08T13:49:53","slug":"1740","status":"publish","type":"product","link":"https:\/\/www.cybermatica.com.py\/?product=1740","title":{"rendered":"GATEWAY GOIP-04 OPENVOX 04P GSM VS-GW1202-04G"},"content":{"rendered":"<pre id=\"tw-target-text\" class=\"tw-data-text tw-ta tw-text-small\" dir=\"ltr\" data-placeholder=\"Traducci\u00f3n\" data-fulltext=\"\"><span lang=\"es\" style=\"font-size: 12pt; font-family: Arial, Helvetica, sans-serif;\">Hay tres modelos GSM Gateway con serie VoxStack GSM Gateway, el VS-GW1200-4G, VS-GW1202-8G y la serie VS-GW1600 GSM. El dise\u00f1o modular Gateways GSM est\u00e1 variando de 4 a 20 canales GSM, desarrollado para interconectar una amplia selecci\u00f3n de c\u00f3decs, incluyendo G.711A, G.711u, G.729, G.722, G.723, G.723, G.726 y GSM, a las redes m\u00f3viles GSM para reducir r\u00e1pidamente los gastos de telecomunicaciones y maximizar los ahorros de costes. Con el dise\u00f1o exclusivo de VoxStack puerta de enlace, puede soportar hot-swap para ambas tarjetas SIM y m\u00f3dulos de puerta de enlace GSM. Los usuarios simplemente pueden agregar o quitar los m\u00f3dulos de expansi\u00f3n de hardware o cambio. Cada m\u00f3dulo de puerta de enlace GSM ejecuta un sistema asterisco independiente dentro.\r\nEl gateway VoxStack proyectos con una tarjeta de conmutaci\u00f3n de LAN que proporciona capacidad de apilamiento en la actualizaci\u00f3n de hardware. Soporta mensajes SMS de env\u00edo y recepci\u00f3n y env\u00edo de grupos y SMS a correo electr\u00f3nico. GSM Gateways son 100% compatibles con asterisco, Elastix, trixbox, servidor SIP 3CX, FreeSWITCH y plataforma operacional VOS VoIP.\r\n\r\nEspecificaciones tecnicas:\r\n\u00b7 4 GSM Canales\r\n\u00b7 1 tarjeta SIM por canal GSM\r\n\u00b7 2 interfaces 10 \/ 100M LAN\r\n\u00b7 4 interfaces est\u00e1ndar SMA-K\r\n\u00b7 Rango de temperatura de almacenamiento: -20 ~ 70degree\r\n\u00b7 Rango de temperatura de funcionamiento: 0 ~ 40 grados\r\n\u00b7 Rango de humedad de funcionamiento: 10% ~ 90% sin condensaci\u00f3n\r\n\u00b7 Fuente de alimentaci\u00f3n: DC 12V \/ 4A\r\n\u00b7 Alimentaci\u00f3n: 10W\r\n\u00b7 Dimensi\u00f3n: 15cm * 19cm * 4,5 cm\r\n\u00b7 Peso: 1 kg\r\nCaracter\u00edsticas:\r\n\u00b7 SIP (RFC3261) el cumplimiento\r\n\u00b7 Se\u00f1alizaci\u00f3n DTMF apoyo: RFC2833, Inband, SIP Info\r\n\u00b7 Configuraci\u00f3n sencilla y conveniente v\u00eda GUI Web\r\n\u00b7 M\u00faltiples lenguajes\r\n\u00b7 Apoyo C\u00f3decs: G.711A, G.711u, G.729, G.723.1, G.722, G.726, GSM\r\n\u00b7 Cancelaci\u00f3n de eco: ITU-T G.168 LEC\r\n\u00b7 Duraci\u00f3n de la llamada L\u00edmite\r\n\u00b7 RII (Call Line Identification Restriction)\r\n\u00b7 Llamada en espera\r\n\u00b7 Cu\u00e1druple GSM 850\/900\/1800\/1900 MHz y conexi\u00f3n de banda ancha<\/span><\/pre>\n","protected":false},"excerpt":{"rendered":"<pre id=\"tw-target-text\" class=\"tw-data-text tw-ta tw-text-small\" dir=\"ltr\" data-placeholder=\"Traducci\u00f3n\" data-fulltext=\"\"><span lang=\"es\" style=\"font-family: Arial, Helvetica, sans-serif; font-size: 12pt;\"><span style=\"font-size: 14pt;\"><strong>N\u00famero de modelo:<\/strong><\/span> VS-GW1202-4G\r\nOpenVox 4 GSM Gateway canal voip asterisco + Elastix + + 3CX FreeSWITCH\r\nProducto destacado\r\nOpenVox VoxStack Serie GSM Gateway es una soluci\u00f3n de puerta de enlace GSM VoIP industria basada en el primer c\u00f3digo abierto para peque\u00f1as y medianas empresas y SOHO. Con una interfaz gr\u00e1fica amigable y un dise\u00f1o modular \u00fanico, los usuarios pueden configurar f\u00e1cilmente su desarrollo secundario Gateway.Also personalizado se puede completar a trav\u00e9s de AMI (Asterisk Management Interface).\r\n* Sistema independiente para cada m\u00f3dulo\r\n*  Precio accesible con rendimiento superior\r\n* Proyecto Hot-swap para ambas tarjetas SIM y los m\u00f3dulos\r\n* Compatible con Asterisk, Elastix, 3CX, FreeSWITCH Sip Server y VoIP plataforma operativa\r\n* Disponible para OEM\r\nInformaci\u00f3n general<\/span><\/pre>\n","protected":false},"featured_media":1741,"comment_status":"open","ping_status":"closed","template":"","meta":{"_joinchat":[]},"product_brand":[],"product_cat":[53],"product_tag":[],"class_list":{"0":"post-1740","1":"product","2":"type-product","3":"status-publish","4":"has-post-thumbnail","6":"product_cat-gw-gsm","8":"first","9":"instock","10":"shipping-taxable","11":"purchasable","12":"product-type-simple"},"aioseo_notices":[],"jetpack_sharing_enabled":true,"_links":{"self":[{"href":"https:\/\/www.cybermatica.com.py\/index.php?rest_route=\/wp\/v2\/product\/1740","targetHints":{"allow":["GET"]}}],"collection":[{"href":"https:\/\/www.cybermatica.com.py\/index.php?rest_route=\/wp\/v2\/product"}],"about":[{"href":"https:\/\/www.cybermatica.com.py\/index.php?rest_route=\/wp\/v2\/types\/product"}],"replies":[{"embeddable":true,"href":"https:\/\/www.cybermatica.com.py\/index.php?rest_route=%2Fwp%2Fv2%2Fcomments&post=1740"}],"wp:featuredmedia":[{"embeddable":true,"href":"https:\/\/www.cybermatica.com.py\/index.php?rest_route=\/wp\/v2\/media\/1741"}],"wp:attachment":[{"href":"https:\/\/www.cybermatica.com.py\/index.php?rest_route=%2Fwp%2Fv2%2Fmedia&parent=1740"}],"wp:term":[{"taxonomy":"product_brand","embeddable":true,"href":"https:\/\/www.cybermatica.com.py\/index.php?rest_route=%2Fwp%2Fv2%2Fproduct_brand&post=1740"},{"taxonomy":"product_cat","embeddable":true,"href":"https:\/\/www.cybermatica.com.py\/index.php?rest_route=%2Fwp%2Fv2%2Fproduct_cat&post=1740"},{"taxonomy":"product_tag","embeddable":true,"href":"https:\/\/www.cybermatica.com.py\/index.php?rest_route=%2Fwp%2Fv2%2Fproduct_tag&post=1740"}],"curies":[{"name":"wp","href":"https:\/\/api.w.org\/{rel}","templated":true}]}}