{"id":1727,"date":"2017-11-08T12:45:15","date_gmt":"2017-11-08T12:45:15","guid":{"rendered":"http:\/\/www.cybermatica.com.py\/?post_type=product&#038;p=1727"},"modified":"2017-11-08T12:50:36","modified_gmt":"2017-11-08T12:50:36","slug":"grandstream-gxp-1620-ip-phone-2-linias-empresarial","status":"publish","type":"product","link":"https:\/\/www.cybermatica.com.py\/?product=grandstream-gxp-1620-ip-phone-2-linias-empresarial","title":{"rendered":"GRANDSTREAM GXP 1620 IP PHONE 2 LINIAS EMPRESARIAL"},"content":{"rendered":"<p style=\"text-align: left;\">El audio GXP1620 HD entregado en banda ancha full duplex, altavoz de alto rendimiento con sistema ac\u00fastico avanzado de cancelaci\u00f3n de eco. Tiene todos los papeles principales en el mercado como el sistema de suministro autom\u00e1tico de soporte seguro y f\u00e1cil de usar lagunas.<\/p>\n<p style=\"text-align: left;\">Soporta archivo de configuraci\u00f3n XML con encriptaci\u00f3n AES, protecci\u00f3n segura y avanzada mediante TLS \/ SRTP \/ HTTPS, y una extensa lista de interoperabilidad con las principales plataformas SIP tercera (Asterisk, 3CX, Elastix). Es una elecci\u00f3n perfecta para las peque\u00f1as y medianas empresas (PYME) en busca de un tel\u00e9fono IP de alta calidad a precios extremadamente bajos. 2 teclas de l\u00ednea bicolor (con 2 cuentas SIP y hasta 2 estados de llamadas), claves 3 XML programables sensibles al contexto, 3-way conferencia, soporte multi-idioma servicios de informaci\u00f3n personal automatizados (por ejemplo, clima local, etc.), el tono \/ tono de llamada en espera con m\u00fasica personalizada, contenido formato \/ pantalla personalizada mediante XML, Web e integraci\u00f3n con aplicaciones empresariales avanzadas N\u00famero de puertos RJ45: doble cambiado auto-sensing 10\/100 Mbps<\/p>\n<p style=\"text-align: left;\">N\u00famero de l\u00edneas: 2 teclas de l\u00ednea con doble color LED y 2 cuentas SIP Cascos conector RJ9 para auriculares (EHS Permiten con los auriculares Plantronics N\u00famero de cuenta SIP 2 Cuentas SIP PoE NO SUPPORTED Power Supply: incluido Pantalla: 132 x 48 retroiluminaci\u00f3n gr\u00e1fica gr\u00e1fica de gr\u00e1ficos Manos libres: Superb HD manos libres boca-duplex de altavoz con altavoz de eco ac\u00fastico avanzado y excelente rendimiento de doble conversaci\u00f3n.<\/p>\n<p style=\"text-align: left;\">Audio Codec de audio HD en el equipo y altavoz con soporte para audio de banda ancha Protocolos VoIP: Soporte para G.711u \/ a, G.722 (ancho de banda), G.723, G.726-32, G.729 A \/ B, en banda y fuera de banda DTMF (En audio , RFC2833, SIP INFO), VAD, CNG, AEC, PLC, AJB, A Recursos adicionales: Utilice con IP PBX aparato UCM6100 serie de la Grandstream Zero-Config para el suministro, de un toque de grabaci\u00f3n de llamadas<\/p>\n","protected":false},"excerpt":{"rendered":"<p><span style=\"font-size: 14pt;\"><strong>Grandstream GXP1620 <\/strong><\/span><\/p>\n<p>El GXP1620 es un tel\u00e9fono IP para peque\u00f1as y medianas empresas. Posee 2 botones de l\u00ednea con LED bicolor, dos cuentas SIP, 132\/48 p\u00edxeles LCD compatibles con varios idiomas (incluyendo ingl\u00e9s, alem\u00e1n, franc\u00e9s, espa\u00f1ol, italiano, ruso, chino, coreano, japon\u00e9s, etc.), tres botones programables para XML, dos puertos de red (sin PoE) y conferencia de tres v\u00edas.<\/p>\n","protected":false},"featured_media":1728,"comment_status":"open","ping_status":"closed","template":"","meta":{"_joinchat":[]},"product_brand":[],"product_cat":[51],"product_tag":[],"class_list":{"0":"post-1727","1":"product","2":"type-product","3":"status-publish","4":"has-post-thumbnail","6":"product_cat-telefonos-ip","8":"first","9":"instock","10":"shipping-taxable","11":"purchasable","12":"product-type-simple"},"aioseo_notices":[],"jetpack_sharing_enabled":true,"_links":{"self":[{"href":"https:\/\/www.cybermatica.com.py\/index.php?rest_route=\/wp\/v2\/product\/1727","targetHints":{"allow":["GET"]}}],"collection":[{"href":"https:\/\/www.cybermatica.com.py\/index.php?rest_route=\/wp\/v2\/product"}],"about":[{"href":"https:\/\/www.cybermatica.com.py\/index.php?rest_route=\/wp\/v2\/types\/product"}],"replies":[{"embeddable":true,"href":"https:\/\/www.cybermatica.com.py\/index.php?rest_route=%2Fwp%2Fv2%2Fcomments&post=1727"}],"wp:featuredmedia":[{"embeddable":true,"href":"https:\/\/www.cybermatica.com.py\/index.php?rest_route=\/wp\/v2\/media\/1728"}],"wp:attachment":[{"href":"https:\/\/www.cybermatica.com.py\/index.php?rest_route=%2Fwp%2Fv2%2Fmedia&parent=1727"}],"wp:term":[{"taxonomy":"product_brand","embeddable":true,"href":"https:\/\/www.cybermatica.com.py\/index.php?rest_route=%2Fwp%2Fv2%2Fproduct_brand&post=1727"},{"taxonomy":"product_cat","embeddable":true,"href":"https:\/\/www.cybermatica.com.py\/index.php?rest_route=%2Fwp%2Fv2%2Fproduct_cat&post=1727"},{"taxonomy":"product_tag","embeddable":true,"href":"https:\/\/www.cybermatica.com.py\/index.php?rest_route=%2Fwp%2Fv2%2Fproduct_tag&post=1727"}],"curies":[{"name":"wp","href":"https:\/\/api.w.org\/{rel}","templated":true}]}}