{"id":1725,"date":"2017-11-08T12:40:24","date_gmt":"2017-11-08T12:40:24","guid":{"rendered":"http:\/\/www.cybermatica.com.py\/?post_type=product&#038;p=1725"},"modified":"2017-11-08T12:40:24","modified_gmt":"2017-11-08T12:40:24","slug":"grandstream-gxp-1610-ip-phone-1-linia","status":"publish","type":"product","link":"https:\/\/www.cybermatica.com.py\/?product=grandstream-gxp-1610-ip-phone-1-linia","title":{"rendered":"GRANDSTREAM GXP 1610 IP PHONE 1 LINIA"},"content":{"rendered":"<p><span style=\"font-size: 14pt;\"><strong>Descripci\u00f3n <\/strong><\/span><\/p>\n<p>Un tel\u00e9fono IP simple para usuarios de peque\u00f1as empresas, el GXP1610 ofrece una experiencia de llamada VoIP de uso f\u00e1cil en un tel\u00e9fono IP muy f\u00e1cil de usar. El GXP1610 admite una l\u00ednea, 2 presentaciones de llamada e incluye 3-way conferencia de voz para maximizar la productividad. Las caracter\u00edsticas adicionales incluyen una pantalla de 132&#215;48 LCD para facilitar la visualizaci\u00f3n, 3 teclas programables XML suaves para personalizaci\u00f3n, puertos 10\/100 Mbps y soporte para auriculares Plantronics EHS y soporte multi-idioma. Estas caracter\u00edsticas permiten que el GXP1610 sea un tel\u00e9fono IP para peque\u00f1as empresas de alta calidad que es simple y f\u00e1cil de usar. Como todos los tel\u00e9fonos de Grandstream IP hacen, el GXP1610 tiene tecnolog\u00eda de encriptaci\u00f3n de seguridad de estado a extremo (SRTP y TLS). El GXP1610 soporta una variedad de opciones de aprovisionamiento automatizado, incluyendo el cero-configuraci\u00f3n con UCM serie de Grandstream IP PBX, archivos XML encriptados y TR-069, para hacer la implementaci\u00f3n en masa extremadamente f\u00e1cil. Caracter\u00edsticas 1 cuenta SIP, 2 teclas de l\u00ednea, 3-way conferencia, 3 XML teclas programables sensibles al contexto programables Dual-puertos 10\/100 Mbps conmutados Soporte para auriculares Plantronics EHS Hasta 500 contactos Historial de llamadas hasta 200 registros<\/p>\n","protected":false},"excerpt":{"rendered":"<p>El GXP1610 es un tel\u00e9fono IP simple para peque\u00f1as empresas (SMBs) u oficina en casa. Este modelo basado en Linux posee una sola cuenta SIP, hasta 2 presentaciones de llamadas y 3 XML teclas programables. Una pantalla LCD 132&#215;48 crea una vista clara para una f\u00e1cil visualizaci\u00f3n. Recursos adicionales, como el doble cambiado puertos 10\/100 Mbps, multi-idioma apoyo y 3-way conferencia permitir que el GXP1610 sea una alta calidad, f\u00e1cil de usar y confiable de tel\u00e9fono de la oficina.<\/p>\n","protected":false},"featured_media":1726,"comment_status":"open","ping_status":"closed","template":"","meta":{"_joinchat":[]},"product_brand":[],"product_cat":[51],"product_tag":[],"class_list":{"0":"post-1725","1":"product","2":"type-product","3":"status-publish","4":"has-post-thumbnail","6":"product_cat-telefonos-ip","8":"first","9":"instock","10":"shipping-taxable","11":"purchasable","12":"product-type-simple"},"aioseo_notices":[],"jetpack_sharing_enabled":true,"_links":{"self":[{"href":"https:\/\/www.cybermatica.com.py\/index.php?rest_route=\/wp\/v2\/product\/1725","targetHints":{"allow":["GET"]}}],"collection":[{"href":"https:\/\/www.cybermatica.com.py\/index.php?rest_route=\/wp\/v2\/product"}],"about":[{"href":"https:\/\/www.cybermatica.com.py\/index.php?rest_route=\/wp\/v2\/types\/product"}],"replies":[{"embeddable":true,"href":"https:\/\/www.cybermatica.com.py\/index.php?rest_route=%2Fwp%2Fv2%2Fcomments&post=1725"}],"wp:featuredmedia":[{"embeddable":true,"href":"https:\/\/www.cybermatica.com.py\/index.php?rest_route=\/wp\/v2\/media\/1726"}],"wp:attachment":[{"href":"https:\/\/www.cybermatica.com.py\/index.php?rest_route=%2Fwp%2Fv2%2Fmedia&parent=1725"}],"wp:term":[{"taxonomy":"product_brand","embeddable":true,"href":"https:\/\/www.cybermatica.com.py\/index.php?rest_route=%2Fwp%2Fv2%2Fproduct_brand&post=1725"},{"taxonomy":"product_cat","embeddable":true,"href":"https:\/\/www.cybermatica.com.py\/index.php?rest_route=%2Fwp%2Fv2%2Fproduct_cat&post=1725"},{"taxonomy":"product_tag","embeddable":true,"href":"https:\/\/www.cybermatica.com.py\/index.php?rest_route=%2Fwp%2Fv2%2Fproduct_tag&post=1725"}],"curies":[{"name":"wp","href":"https:\/\/api.w.org\/{rel}","templated":true}]}}