{"id":1721,"date":"2017-11-08T12:27:51","date_gmt":"2017-11-08T12:27:51","guid":{"rendered":"http:\/\/www.cybermatica.com.py\/?post_type=product&#038;p=1721"},"modified":"2017-11-08T12:29:19","modified_gmt":"2017-11-08T12:29:19","slug":"grandstream-dp720-voip-detec","status":"publish","type":"product","link":"https:\/\/www.cybermatica.com.py\/?product=grandstream-dp720-voip-detec","title":{"rendered":"GRANDSTREAM DP720 VOIP DETEC"},"content":{"rendered":"<pre id=\"tw-target-text\" class=\"tw-data-text tw-ta tw-text-small\" dir=\"ltr\" data-placeholder=\"Traducci\u00f3n\" data-fulltext=\"\"><span lang=\"es\" style=\"font-size: 12pt; font-family: Arial, Helvetica, sans-serif;\"><span style=\"font-size: 14pt;\"><strong>CARACTER\u00cdSTICAS\r\n<\/strong><\/span>\r\nHasta 10 cuentas SIP por sistema; hasta 10 l\u00edneas por aparato\r\nTecnolog\u00eda DECT de autenticaci\u00f3n y encriptaci\u00f3n\r\npara proteger las llamadas y las cuentas.\r\nAudioconferencia de 3 v\u00edas para facilitar las teleconferencias.\r\nEl DP750 es totalmente compatible con el est\u00e1ndar\r\nSIP \/ DECT\r\nLas opciones de aprovisionamiento automatizado\r\nincluyen archivos de configuraci\u00f3n TR-069 y XML\r\nUtilice con las PBX IP de la serie\r\nUCMda Grandstream para aprovisionamiento\r\ncon cero configuraci\u00f3n\r\nAudio en HD para maximizar la calidad y claridad del audio; manos libres full duplex\r\nSoporta funciones avanzadas de telefon\u00eda, incluyendo transferencia de llamadas, reenv\u00edo de llamadas, llamada en espera, no molesta, indicaci\u00f3n de mensajes en espera, avisos en varios idiomas, plan de marcaci\u00f3n flexible y otros.\r\nAudio en HD para maximizar la calidad\r\ny la claridad del audio; altavoz full duplex.\r\n\r\n<span style=\"font-size: 14pt;\"><strong>FICHA T\u00c9CNICA\r\n<\/strong><\/span>\r\nInterfaz de transmisi\u00f3n\r\nEst\u00e1ndares de telefon\u00eda: DECT\r\nRango de frecuencia:\r\n1880 - 1900 MHz (Europa), 1920 - 1930 MHz (EE.UU.),\r\n1910 - 1920 MHz (Brasil), 1786 - 1792 MHz (Corea),\r\n1893 - 1906 MHz (Jap\u00f3n), 1880 - 1895 MHz (Taiw\u00e1n)\r\nN\u00famero de canales: 10 (Europa), 5 (EE.UU., Brasil y Jap\u00f3n), 3 (Corea), 8 (Taiw\u00e1n)\r\nAlcance: hasta 300 metros al aire libre y 50 metros en local cerrado\r\n\r\n<span style=\"font-size: 14pt;\"><strong>Perif\u00e9ricos\r\n<\/strong><\/span>LCD TFT de color de 1,8 pulgadas (128x160)\r\n23 teclas, incluyendo 2 teclas programables, 5 teclas de navegaci\u00f3n \/ men\u00fa, 4\r\nteclas exclusivas para las funciones SEND (enviar),\r\nPOWER \/ END (encendido \/ apagado), SPEAKERPHONE (altavoz), MUTE (silencio)\r\nLED MWI en 3 colores\r\nConector para auriculares de 3,5 mm\r\nPresilla extra\u00edble para cintur\u00f3n\r\nPuerto micro-USB para carga alternativa y operaci\u00f3n sin bater\u00eda\r\n\r\nProtocolo \/ est\u00e1ndares Compatibilidad HAC con aud\u00edfonos\r\n\r\nC\u00f3decs de voz Codec G.722 para audio en HD y c\u00f3dec G.726 para audio de banda estrecha, AEC, AGC, reducci\u00f3n de ruido ambiental\r\n\r\nRecursos de telefon\u00eda\r\nEspera, transferencia, reenv\u00edo, conferencia de tres v\u00edas, llamada en espera para transferencia, captaci\u00f3n de llamadas, agenda para descargar,\r\nllamada en espera, registro de llamadas, respuesta autom\u00e1tica, marcaci\u00f3n con clic, plan de marcaci\u00f3n flexible, m\u00fasica de espera.\r\n\r\nAplicaciones Previsi\u00f3n del tiempo, Cambio (pendiente)\r\n\r\nAudio en HD S\u00ed, tanto en el aparato y en el altavoz\r\n\r\nSeguridad Autenticaci\u00f3n y encriptaci\u00f3n DECT<\/span><\/pre>\n","protected":false},"excerpt":{"rendered":"<pre id=\"tw-target-text\" class=\"tw-data-text tw-ta tw-text-small\" dir=\"ltr\" data-placeholder=\"Traducci\u00f3n\" data-fulltext=\"\"><span lang=\"es\" style=\"font-family: Arial, Helvetica, sans-serif; font-size: 12pt;\">DP720\r\nDispositivo inal\u00e1mbrico DECT en HD para facilitar la movilidad\r\n\r\nEl DP720 es un tel\u00e9fono VoIP inal\u00e1mbrico DECT que permite a los usuarios movilizar la red VoIP en todos sus ambientes de oficina, almac\u00e9n, tienda y residencial. Soportado por la estaci\u00f3n base VoIP DECT DP750 de Grandstream, proporciona una combinaci\u00f3n de movilidad y telefon\u00eda con excelente rendimiento.\r\nEl DP750 permite hasta cinco dispositivos DP720, con alcance desde la estaci\u00f3n base de hasta 300 metros al aire libre y 50 metros en un lugar cerrado. El DP720 presenta un conjunto de los mejores recursos de telefon\u00eda, como soporte para hasta 10 cuentas SIP en cada aparato, audio Full HD, conector para auriculares de 3,5 mm, soporte para varios idiomas, altavoz y mucho m\u00e1s. Cuando se empareja con la estaci\u00f3n base DECT DP750 de Grandstream, el DP720 se convierte en un avanzado aparato VoIP DECT con el dispositivo\r\nque cualquier usuario empresarial o residencial puede crear una soluci\u00f3n VoIP inal\u00e1mbrica.<\/span><\/pre>\n","protected":false},"featured_media":1722,"comment_status":"open","ping_status":"closed","template":"","meta":{"_joinchat":[]},"product_brand":[],"product_cat":[51],"product_tag":[],"class_list":{"0":"post-1721","1":"product","2":"type-product","3":"status-publish","4":"has-post-thumbnail","6":"product_cat-telefonos-ip","8":"first","9":"instock","10":"downloadable","11":"shipping-taxable","12":"purchasable","13":"product-type-simple"},"aioseo_notices":[],"jetpack_sharing_enabled":true,"_links":{"self":[{"href":"https:\/\/www.cybermatica.com.py\/index.php?rest_route=\/wp\/v2\/product\/1721","targetHints":{"allow":["GET"]}}],"collection":[{"href":"https:\/\/www.cybermatica.com.py\/index.php?rest_route=\/wp\/v2\/product"}],"about":[{"href":"https:\/\/www.cybermatica.com.py\/index.php?rest_route=\/wp\/v2\/types\/product"}],"replies":[{"embeddable":true,"href":"https:\/\/www.cybermatica.com.py\/index.php?rest_route=%2Fwp%2Fv2%2Fcomments&post=1721"}],"wp:featuredmedia":[{"embeddable":true,"href":"https:\/\/www.cybermatica.com.py\/index.php?rest_route=\/wp\/v2\/media\/1722"}],"wp:attachment":[{"href":"https:\/\/www.cybermatica.com.py\/index.php?rest_route=%2Fwp%2Fv2%2Fmedia&parent=1721"}],"wp:term":[{"taxonomy":"product_brand","embeddable":true,"href":"https:\/\/www.cybermatica.com.py\/index.php?rest_route=%2Fwp%2Fv2%2Fproduct_brand&post=1721"},{"taxonomy":"product_cat","embeddable":true,"href":"https:\/\/www.cybermatica.com.py\/index.php?rest_route=%2Fwp%2Fv2%2Fproduct_cat&post=1721"},{"taxonomy":"product_tag","embeddable":true,"href":"https:\/\/www.cybermatica.com.py\/index.php?rest_route=%2Fwp%2Fv2%2Fproduct_tag&post=1721"}],"curies":[{"name":"wp","href":"https:\/\/api.w.org\/{rel}","templated":true}]}}