{"id":1697,"date":"2017-11-07T17:36:19","date_gmt":"2017-11-07T17:36:19","guid":{"rendered":"http:\/\/www.cybermatica.com.py\/?post_type=product&#038;p=1697"},"modified":"2017-11-08T12:22:26","modified_gmt":"2017-11-08T12:22:26","slug":"grandstream-dp750-extension-para-dp720","status":"publish","type":"product","link":"https:\/\/www.cybermatica.com.py\/?product=grandstream-dp750-extension-para-dp720","title":{"rendered":"GRANDSTREAM DP750 EXTENSION PARA DP720"},"content":{"rendered":"<pre id=\"tw-target-text\" class=\"tw-data-text tw-ta tw-text-small\" dir=\"ltr\" data-placeholder=\"Traducci\u00f3n\" data-fulltext=\"\"><span lang=\"es\" style=\"font-family: Arial, Helvetica, sans-serif;\"><span style=\"font-size: 14pt;\"><strong>Caracter\u00edsticas<\/strong><\/span>\r\n\r\nHasta 10 cuentas SIP por sistema; hasta 10 l\u00edneas por aparato.\r\nTecnolog\u00eda de encriptaci\u00f3n TLS y SRTP para proteger las llamadas y las cuentas.\r\nAudioconferencia de 3 v\u00edas para facilitar las teleconferencias.\r\nEl DP750 es totalmente compatible con el est\u00e1ndar SIP \/ DECT.\r\nLas opciones de aprovisionamiento automatizado incluyen archivos de configuraci\u00f3n TR-069 y XML.\r\nUtilice con las PBX IP de la serie UCM de Grandstream para\r\naprovisionamiento con cero configuraci\u00f3n.\r\nSoporta funciones avanzadas de telefon\u00eda, incluyendo transferencia de llamadas, reenv\u00edo de llamadas, llamada en espera, no molesta, indicaci\u00f3n de mensajes en espera, avisos en varios idiomas, plan de marcaci\u00f3n flexible y otros.\r\nPoE integrado para alimentar el dispositivo y conectarlo a la red.\r\n\r\n<span style=\"font-size: 14pt;\"><strong>FICHA T\u00c9CNICA<\/strong><\/span>\r\nInterfaz de transmisi\u00f3n\r\nEst\u00e1ndares de telefon\u00eda: DECT\r\nEst\u00e1ndares de telefon\u00eda: DECT\r\nRango de frecuencia:\r\n1880 - 1900 MHz (Europa), 1920 - 1930 MHz (EE.UU.),\r\n1910 - 1920 MHz (Brasil), 1786 - 1792 MHz (Corea),\r\n1893 - 1906 MHz (Jap\u00f3n), 1880 - 1895 MHz (Taiw\u00e1n)\r\nN\u00famero de canales: 10 (Europa), 5 (EE.UU., Brasil y Jap\u00f3n), 3 (Corea), 8 (Taiw\u00e1n)\r\nAlcance: hasta 300 metros al aire libre y 50 metros en local cerrado\r\n<span style=\"font-size: 14pt;\"><strong>\r\nPerif\u00e9ricos<\/strong><\/span>\r\n5 indicadores de LED: Energ\u00eda, Red, Registro, Llamada, DECT\r\nBot\u00f3n de restablecimiento, bot\u00f3n de emparejamiento \/ paginaci\u00f3n\r\nUn puerto Ethernet de 10\/100 Mbps con detecci\u00f3n autom\u00e1tica y PoE integrado.\r\n\r\n<span style=\"font-size: 14pt;\"><strong>Protocolo \/ est\u00e1ndares<\/strong><\/span>\r\nSIP RFC3261, TCP \/ IP \/ UDP, RTP \/ RTCP, HTTP \/ HTTPS, ARP \/ RARP, ICMP, DNS (registro A, SRV,\r\n(NAPTR), DHCP, PPPoE, SSH, TFTP, NTP, STUN, SIMPLE, LLDP-MED, LDAP, TR-069, 802.1x, TLS,\r\nSRTP, IPv6 (pendiente)\r\n\r\nC\u00f3decs de voz\r\n(G.729 \/ B, G.726-32, iLBC, G.722, OPUS, G.722.2 \/ AMR-WB (solicitud especial), G.722.2 \/ AMR-WB\r\nDTMF en banda y fuera de banda (en audio, RFC2833, SIP INFO), VAD, CNG, PLC, AJB\r\n\r\n<span style=\"font-size: 14pt;\"><strong>Recursos de telefon\u00eda<\/strong><\/span>\r\nEspera, transferencia, encaminamiento, conferencia de 3 v\u00edas, agenda para descargar\r\n(XML, LDAP, hasta 3000 entradas), llamada en espera, registro de llamadas (hasta 300 registros), respuesta autom\u00e1tica, plan de marcaci\u00f3n flexible, m\u00fasica de espera, redundancia de servidores y conmutaci\u00f3n por error\r\n\r\nAplicaciones Previsi\u00f3n del tiempo, Cambio (pendiente)\r\n\r\n<span style=\"font-size: 14pt;\"><strong>QoS<\/strong><\/span>\r\nCalidad de servicio de capa 2 (802.1Q, 802.1P) y capa 3 (ToS, DiffServ, MPLS)<\/span><\/pre>\n","protected":false},"excerpt":{"rendered":"<p>DP750 Estaci\u00f3n base VoIP DECT de largo alcance El DP750 es una avanzada estaci\u00f3n base VoIP DECT para emparejamiento con hasta 5 aparatos DECT DP720 de Grandstream para proporcionar movilidad a usuarios empresariales y residenciales. Con alcance de 300 metros al aire libre y 50 metros en local cerrado, da a los usuarios la libertad de moverse en su espacio de trabajo o dom\u00e9stico con excelente flexibilidad. Esta estaci\u00f3n base VoIP DECT soporta hasta 10 cuentas SIP y 4 llamadas simult\u00e1neas, permitiendo tambi\u00e9n audioconferencia de 3 v\u00edas, audio Full HD y PoE integrado. Una cuenta SIP compartida en todos los dispositivos a\u00f1ade recursos unificados integrados para permitir a los usuarios responder a todas las llamadas en tiempo real, independientemente de su ubicaci\u00f3n. El DP750 es compatible con varios m\u00e9todos de aprovisionamiento automatizado y la seguridad de la criptograf\u00eda TLS \/ SRTP \/ HTTPS. Caracter\u00edsticas Hasta 10 cuentas SIP por sistema; hasta 10 l\u00edneas por aparato. Tecnolog\u00eda de encriptaci\u00f3n TLS y SRTP para proteger las llamadas y las cuentas. Audioconferencia de 3 v\u00edas para facilitar las teleconferencias. El DP750 es totalmente compatible con el est\u00e1ndar SIP \/ DECT. Las opciones de aprovisionamiento automatizado incluyen archivos de configuraci\u00f3n TR-069 y XML. Utilice con las PBX IP de la serie UCM de Grandstream para aprovisionamiento con cero configuraci\u00f3n. Soporta funciones avanzadas de telefon\u00eda, incluyendo transferencia de llamadas, reenv\u00edo de llamadas, llamada en espera, no molesta, indicaci\u00f3n de mensajes en espera, avisos en varios idiomas, plan de marcaci\u00f3n flexible y otros. PoE integrado para alimentar el dispositivo y conectarlo a la red.<\/p>\n","protected":false},"featured_media":1698,"comment_status":"open","ping_status":"closed","template":"","meta":{"_joinchat":[]},"product_brand":[],"product_cat":[51],"product_tag":[],"class_list":{"0":"post-1697","1":"product","2":"type-product","3":"status-publish","4":"has-post-thumbnail","6":"product_cat-telefonos-ip","8":"first","9":"instock","10":"downloadable","11":"shipping-taxable","12":"purchasable","13":"product-type-simple"},"aioseo_notices":[],"jetpack_sharing_enabled":true,"_links":{"self":[{"href":"https:\/\/www.cybermatica.com.py\/index.php?rest_route=\/wp\/v2\/product\/1697","targetHints":{"allow":["GET"]}}],"collection":[{"href":"https:\/\/www.cybermatica.com.py\/index.php?rest_route=\/wp\/v2\/product"}],"about":[{"href":"https:\/\/www.cybermatica.com.py\/index.php?rest_route=\/wp\/v2\/types\/product"}],"replies":[{"embeddable":true,"href":"https:\/\/www.cybermatica.com.py\/index.php?rest_route=%2Fwp%2Fv2%2Fcomments&post=1697"}],"wp:featuredmedia":[{"embeddable":true,"href":"https:\/\/www.cybermatica.com.py\/index.php?rest_route=\/wp\/v2\/media\/1698"}],"wp:attachment":[{"href":"https:\/\/www.cybermatica.com.py\/index.php?rest_route=%2Fwp%2Fv2%2Fmedia&parent=1697"}],"wp:term":[{"taxonomy":"product_brand","embeddable":true,"href":"https:\/\/www.cybermatica.com.py\/index.php?rest_route=%2Fwp%2Fv2%2Fproduct_brand&post=1697"},{"taxonomy":"product_cat","embeddable":true,"href":"https:\/\/www.cybermatica.com.py\/index.php?rest_route=%2Fwp%2Fv2%2Fproduct_cat&post=1697"},{"taxonomy":"product_tag","embeddable":true,"href":"https:\/\/www.cybermatica.com.py\/index.php?rest_route=%2Fwp%2Fv2%2Fproduct_tag&post=1697"}],"curies":[{"name":"wp","href":"https:\/\/api.w.org\/{rel}","templated":true}]}}