{"id":2024,"date":"2018-12-03T18:25:14","date_gmt":"2018-12-03T18:25:14","guid":{"rendered":"http:\/\/www.cybermatica.com.py\/?page_id=2024"},"modified":"2018-12-04T00:08:57","modified_gmt":"2018-12-04T00:08:57","slug":"hosting","status":"publish","type":"page","link":"https:\/\/www.cybermatica.com.py\/?page_id=2024","title":{"rendered":"Hosting"},"content":{"rendered":"<p style=\"text-align: center;\"><strong><span style=\"font-family: Verdana, Geneva; font-size: 24pt;\">Contamos con los mejores precios de hosting<\/span><\/strong><\/p>\n<p>&nbsp;<\/p>\n<p><img fetchpriority=\"high\" decoding=\"async\" class=\" wp-image-2032 alignright\" src=\"https:\/\/www.cybermatica.com.py\/wp-content\/uploads\/2018\/12\/servidor-hosting-param-host-300x226.png\" alt=\"\" width=\"366\" height=\"276\" srcset=\"https:\/\/www.cybermatica.com.py\/wp-content\/uploads\/2018\/12\/servidor-hosting-param-host-300x226.png 300w, https:\/\/www.cybermatica.com.py\/wp-content\/uploads\/2018\/12\/servidor-hosting-param-host-350x263.png 350w, https:\/\/www.cybermatica.com.py\/wp-content\/uploads\/2018\/12\/servidor-hosting-param-host.png 465w\" sizes=\"(max-width: 366px) 100vw, 366px\" \/><img decoding=\"async\" class=\"size-medium wp-image-2041 alignleft\" src=\"https:\/\/www.cybermatica.com.py\/wp-content\/uploads\/2018\/12\/cloud-server-300x211.png\" alt=\"\" width=\"300\" height=\"211\" srcset=\"https:\/\/www.cybermatica.com.py\/wp-content\/uploads\/2018\/12\/cloud-server-300x211.png 300w, https:\/\/www.cybermatica.com.py\/wp-content\/uploads\/2018\/12\/cloud-server-350x246.png 350w, https:\/\/www.cybermatica.com.py\/wp-content\/uploads\/2018\/12\/cloud-server.png 426w\" sizes=\"(max-width: 300px) 100vw, 300px\" \/>Si necesita un alojamiento web, si necesita un dominio <span style=\"color: #0000ff;\">.com .net .gov .coop .py<span style=\"color: #000000;\">,<\/span><\/span>\u00a0tenemos los mejores planes.<\/p>\n<p>Contamos con servidores distribuidos en Norte America, alta disponibilidad, discos duros SSD, Panel de control Cpanel, certificados https. Soporte t\u00e9cnico 24&#215;7, backup constante de su sitio. Esta es su oportunidad para tener su pagina web.<\/p>\n<p>&nbsp;<\/p>\n<p>&nbsp;<\/p>\n<p><img decoding=\"async\" class=\"size-medium wp-image-2037 alignleft\" src=\"https:\/\/www.cybermatica.com.py\/wp-content\/uploads\/2018\/12\/dominios-300x200.png\" alt=\"\" width=\"300\" height=\"200\" srcset=\"https:\/\/www.cybermatica.com.py\/wp-content\/uploads\/2018\/12\/dominios-300x200.png 300w, https:\/\/www.cybermatica.com.py\/wp-content\/uploads\/2018\/12\/dominios-350x234.png 350w, https:\/\/www.cybermatica.com.py\/wp-content\/uploads\/2018\/12\/dominios-272x182.png 272w, https:\/\/www.cybermatica.com.py\/wp-content\/uploads\/2018\/12\/dominios.png 424w\" sizes=\"(max-width: 300px) 100vw, 300px\" \/><\/p>\n<p>Es importante que su empresa tenga una imagen corporativa, y la mejor manera es teniendo una pagina donde sus clientes puedan acceder a sus productos y servicios, tenga mayor impacto en sus ventas, haga que mas personas conozcan el nombre de su negocio.<\/p>\n<p>&nbsp;<\/p>\n<p>&nbsp;<\/p>\n<p><img loading=\"lazy\" decoding=\"async\" class=\"size-medium wp-image-2039 alignright\" src=\"https:\/\/www.cybermatica.com.py\/wp-content\/uploads\/2018\/12\/planes-preconfigurados-300x185.png\" alt=\"\" width=\"300\" height=\"185\" srcset=\"https:\/\/www.cybermatica.com.py\/wp-content\/uploads\/2018\/12\/planes-preconfigurados-300x185.png 300w, https:\/\/www.cybermatica.com.py\/wp-content\/uploads\/2018\/12\/planes-preconfigurados-350x216.png 350w, https:\/\/www.cybermatica.com.py\/wp-content\/uploads\/2018\/12\/planes-preconfigurados.png 583w\" sizes=\"(max-width: 300px) 100vw, 300px\" \/><\/p>\n<p>Ya no se preocupe si la energ\u00eda el\u00e9ctrica falla o si se queda sin sin internet, si tiene alojado su web tiene la seguridad de que su dominio estar\u00e1 activo los 365 d\u00edas del a\u00f1o.<\/p>\n","protected":false},"excerpt":{"rendered":"<p>Contamos con los mejores precios de hosting &nbsp; Si necesita un alojamiento web, si necesita un dominio .com .net .gov .coop .py,\u00a0tenemos los mejores planes. Contamos con servidores distribuidos en &#8230;<\/p>\n","protected":false},"author":1,"featured_media":0,"parent":0,"menu_order":0,"comment_status":"closed","ping_status":"closed","template":"template-fullwidth-stretched.php","meta":{"_joinchat":[],"footnotes":""},"class_list":["post-2024","page","type-page","status-publish","hentry"],"aioseo_notices":[],"jetpack_sharing_enabled":true,"amp_enabled":true,"_links":{"self":[{"href":"https:\/\/www.cybermatica.com.py\/index.php?rest_route=\/wp\/v2\/pages\/2024","targetHints":{"allow":["GET"]}}],"collection":[{"href":"https:\/\/www.cybermatica.com.py\/index.php?rest_route=\/wp\/v2\/pages"}],"about":[{"href":"https:\/\/www.cybermatica.com.py\/index.php?rest_route=\/wp\/v2\/types\/page"}],"author":[{"embeddable":true,"href":"https:\/\/www.cybermatica.com.py\/index.php?rest_route=\/wp\/v2\/users\/1"}],"replies":[{"embeddable":true,"href":"https:\/\/www.cybermatica.com.py\/index.php?rest_route=%2Fwp%2Fv2%2Fcomments&post=2024"}],"version-history":[{"count":13,"href":"https:\/\/www.cybermatica.com.py\/index.php?rest_route=\/wp\/v2\/pages\/2024\/revisions"}],"predecessor-version":[{"id":2044,"href":"https:\/\/www.cybermatica.com.py\/index.php?rest_route=\/wp\/v2\/pages\/2024\/revisions\/2044"}],"wp:attachment":[{"href":"https:\/\/www.cybermatica.com.py\/index.php?rest_route=%2Fwp%2Fv2%2Fmedia&parent=2024"}],"curies":[{"name":"wp","href":"https:\/\/api.w.org\/{rel}","templated":true}]}}