{"id":1797,"date":"2017-11-29T22:11:06","date_gmt":"2017-11-29T22:11:06","guid":{"rendered":"http:\/\/www.cybermatica.com.py\/?page_id=1797"},"modified":"2021-07-19T18:15:04","modified_gmt":"2021-07-19T22:15:04","slug":"call-center","status":"publish","type":"page","link":"https:\/\/www.cybermatica.com.py\/?page_id=1797","title":{"rendered":"call center"},"content":{"rendered":"<div id=\"pl-1797\"  class=\"panel-layout\" ><div id=\"pg-1797-0\"  class=\"panel-grid panel-has-style\" ><div class=\"siteorigin-panels-stretch panel-row-style panel-row-style-for-1797-0\" data-stretch-type=\"full-stretched\" ><div id=\"pgc-1797-0-0\"  class=\"panel-grid-cell\" ><div id=\"panel-1797-0-0-0\" class=\"so-panel widget widget_sow-hero panel-first-child panel-last-child\" data-index=\"0\" ><div\n\t\t\t\n\t\t\tclass=\"so-widget-sow-hero so-widget-sow-hero-default-0b234c1f5f76-1797 so-widget-fittext-wrapper\"\n\t\t\t\n\t\t>\t\t\t\t<div class=\"sow-slider-base\" style=\"display: none\" tabindex=\"0\">\n\t\t\t\t\t<ul\n\t\t\t\t\tclass=\"sow-slider-images\"\n\t\t\t\t\tdata-settings=\"{&quot;pagination&quot;:true,&quot;speed&quot;:800,&quot;timeout&quot;:8000,&quot;paused&quot;:false,&quot;pause_on_hover&quot;:false,&quot;swipe&quot;:true,&quot;nav_always_show_desktop&quot;:&quot;&quot;,&quot;nav_always_show_mobile&quot;:&quot;&quot;,&quot;breakpoint&quot;:&quot;780px&quot;,&quot;unmute&quot;:false,&quot;anchor&quot;:null}\"\n\t\t\t\t\t\t\t\t\t\tdata-anchor-id=\"\"\n\t\t\t\t>\t\t<li class=\"sow-slider-image  sow-slider-image-cover\" style=\"visibility: visible;;background-color: #222222\" >\n\t\t\t\t\t<div class=\"sow-slider-image-container\">\n\t\t\t<div class=\"sow-slider-image-wrapper\">\n\t\t\t\t<h1 style=\"text-align: center\">issabel call center<\/h1>\n<p style=\"text-align: center\">Una herramienta poderosa y flexible, f\u00e1cil de usar, sin licencias, reportes acordes a las necesidades.\u00a0<\/p>\n<p style=\"text-align: center\">\u00a0<\/p>\n\t\t\t<\/div>\n\t\t<\/div>\n\t\t<div class=\"sow-slider-image-overlay sow-slider-image-cover\" style=\"opacity: 0.6;background-image: url(https:\/\/www.cybermatica.com.py\/wp-content\/uploads\/2017\/11\/eb37b60a2ff0043ecd0b4204e2445b97e676e3dc10b5154492_1920.jpg)\"  ><\/div>\t\t<\/li>\n\t\t<\/ul>\t\t\t\t<ol class=\"sow-slider-pagination\">\n\t\t\t\t\t\t\t\t\t\t\t<li><a href=\"#\" data-goto=\"0\" aria-label=\"mostrar diapositiva 1\"><\/a><\/li>\n\t\t\t\t\t\t\t\t\t<\/ol>\n\n\t\t\t\t<div class=\"sow-slide-nav sow-slide-nav-next\">\n\t\t\t\t\t<a href=\"#\" data-goto=\"next\" aria-label=\"diapositiva siguiente\" data-action=\"next\">\n\t\t\t\t\t\t<em class=\"sow-sld-icon-thin-right\"><\/em>\n\t\t\t\t\t<\/a>\n\t\t\t\t<\/div>\n\n\t\t\t\t<div class=\"sow-slide-nav sow-slide-nav-prev\">\n\t\t\t\t\t<a href=\"#\" data-goto=\"previous\" aria-label=\"diapositiva anterior\" data-action=\"prev\">\n\t\t\t\t\t\t<em class=\"sow-sld-icon-thin-left\"><\/em>\n\t\t\t\t\t<\/a>\n\t\t\t\t<\/div>\n\t\t\t\t<\/div><\/div><\/div><\/div><\/div><\/div><div id=\"pg-1797-1\"  class=\"panel-grid panel-has-style\" ><div id=\"services\" class=\"panel-row-style panel-row-style-for-1797-1\" ><div id=\"pgc-1797-1-0\"  class=\"panel-grid-cell\" ><div id=\"panel-1797-1-0-0\" class=\"so-panel widget widget_sow-headline panel-first-child\" data-index=\"1\" ><div\n\t\t\t\n\t\t\tclass=\"so-widget-sow-headline so-widget-sow-headline-default-0191be2622d1-1797\"\n\t\t\t\n\t\t><div class=\"sow-headline-container \">\n\t\t\t\t\t\t\t<h1 class=\"sow-headline\">\n\t\t\t\t\t\t<b>\u00bfQUE TE OFRECE?<\/b>...\t\t\t\t\t\t<\/h1>\n\t\t\t\t\t\t\t\t\t\t\t\t<p class=\"sow-sub-headline\">\n\t\t\t\t\t\tTe mostramos lo que tiene nuestro sistema de call Center\t\t\t\t\t\t<\/p>\n\t\t\t\t\t\t<\/div>\n<\/div><\/div><div id=\"panel-1797-1-0-1\" class=\"so-panel widget widget_sow-features panel-last-child\" data-index=\"2\" ><div class=\"panel-widget-style panel-widget-style-for-1797-1-0-1\" ><div\n\t\t\t\n\t\t\tclass=\"so-widget-sow-features so-widget-sow-features-default-337894245976-1797\"\n\t\t\t\n\t\t><ul\n\tclass=\"sow-features-list\n\tsow-features-responsive\">\n\n\t\t\t<li\n\t\t\tclass=\"sow-features-feature sow-icon-container-position-top\"\n\t\t\tstyle=\"display: flex; flex-direction: column; width: calc(33.333% - 25px);\"\n\t\t>\n\t\t\t\n\t\t\t\t\t\t<div\t\t\t\tclass=\"sow-icon-container sow-container-none\"\n\t\t\t\tstyle=\"color: #404040; \"\n\t\t\t\ttitle=\"FUNCIONES\"\n\t\t\t\t\t\t\t>\n\t\t\t\t<span class=\"sow-icon-elegantline\" data-sow-icon=\"&#xe02b;\"\n\t\tstyle=\"font-size: 65px; color: #404040\" \n\t\taria-hidden=\"true\"><\/span>\t\t\t<\/div>\n\n\t\t\t<div class=\"textwidget\">\n\t\t\t\t\n\t\t\t\t\t\t\t\t\t<h5 class=\"sow-features-feature-title\">\n\t\t\t\t\t\tFunciones\t\t\t\t\t<\/h5>\n\t\t\t\t\n\t\t\t\t\t\t\t\t\t<div class=\"sow-features-feature-text\">\n\t\t\t\t\t<ul>\n<li style=\"text-align: left\">Operadora Autom\u00e1tica<\/li>\n<li style=\"text-align: left\">Marcador Predictivo, Preview<\/li>\n<li style=\"text-align: left\">IVR \u2013 Respuesta de Voz Interactiva<\/li>\n<li style=\"text-align: left\">Distribuci\u00f3n Autom\u00e1tica de llamadas<\/li>\n<li style=\"text-align: left\">Reportes y estad\u00edsticas<\/li>\n<li style=\"text-align: left\">Soporte para Blending<\/li>\n<li style=\"text-align: left\">Grabaci\u00f3n de llamadas por interfaz<\/li>\n<li style=\"text-align: left\">Administraci\u00f3n Web<\/li>\n<li style=\"text-align: left\">Multiples idiomas de interfaz<\/li>\n<li style=\"text-align: left\">Soporte para Do-Not-Call List<\/li>\n<li style=\"text-align: left\">\u201cWhispering\u201d<\/li>\n<\/ul>\t\t\t\t\t<\/div>\n\t\t\t\t\t\t\t\t<\/div>\n\t\t\t\t\t\t\t\t<\/li>\n\n\t\t\t<li\n\t\t\tclass=\"sow-features-feature sow-icon-container-position-top\"\n\t\t\tstyle=\"display: flex; flex-direction: column; width: calc(33.333% - 25px);\"\n\t\t>\n\t\t\t\n\t\t\t\t\t\t<div\t\t\t\tclass=\"sow-icon-container sow-container-none\"\n\t\t\t\tstyle=\"color: #404040; \"\n\t\t\t\ttitle=\"Funciones\"\n\t\t\t\t\t\t\t>\n\t\t\t\t<span class=\"sow-icon-elegantline\" data-sow-icon=\"&#xe02b;\"\n\t\tstyle=\"font-size: 65px; color: #404040\" \n\t\taria-hidden=\"true\"><\/span>\t\t\t<\/div>\n\n\t\t\t<div class=\"textwidget\">\n\t\t\t\t\n\t\t\t\t\t\t\t\t\t<h5 class=\"sow-features-feature-title\">\n\t\t\t\t\t\tFunciones\t\t\t\t\t<\/h5>\n\t\t\t\t\n\t\t\t\t\t\t\t\t\t<div class=\"sow-features-feature-text\">\n\t\t\t\t\t<ul>\n<li style=\"text-align: left\"><span style=\"background-color: #ffffff\">Monitoreo silencioso <\/span><\/li>\n<li style=\"text-align: left\"><span style=\"background-color: #ffffff\">Campa\u00f1as salientes y entrantes<\/span><\/li>\n<li style=\"text-align: left\"><span style=\"background-color: #ffffff\">Supervisi\u00f3n en Real-Time e hist\u00f3rico <\/span><\/li>\n<li style=\"text-align: left\"><span style=\"background-color: #ffffff\">Grupos de atenci\u00f3n por campa\u00f1as<\/span><\/li>\n<li style=\"text-align: left\"><span style=\"background-color: #ffffff\">Manejo de llamadas en fila de espera <\/span><\/li>\n<li style=\"text-align: left\"><span style=\"background-color: #ffffff\">Formularios de campa\u00f1a (Web Wizard)<\/span><\/li>\n<li style=\"text-align: left\"><span style=\"background-color: #ffffff\">Asocia \u201cscripts\u201d de texto a campa\u00f1as <\/span><\/li>\n<li style=\"text-align: left\"><span style=\"background-color: #ffffff\">Consola de agente<\/span><\/li>\n<li style=\"text-align: left\"><span style=\"background-color: #ffffff\">Soporte para varios tipos de Breaks <\/span><\/li>\n<li style=\"text-align: left\"><span style=\"background-color: #ffffff\">Scoring de Llamada<\/span><\/li>\n<li style=\"text-align: left\"><span style=\"background-color: #ffffff\">M\u00f3dulo de SMS Outbound <\/span><\/li>\n<\/ul>\t\t\t\t\t<\/div>\n\t\t\t\t\t\t\t\t<\/div>\n\t\t\t\t\t\t\t\t<\/li>\n\n\t\t\t<li\n\t\t\tclass=\"sow-features-feature sow-icon-container-position-top\"\n\t\t\tstyle=\"display: flex; flex-direction: column; width: calc(33.333% - 25px);\"\n\t\t>\n\t\t\t\n\t\t\t\t\t\t<div\t\t\t\tclass=\"sow-icon-container sow-container-none\"\n\t\t\t\tstyle=\"color: #404040; \"\n\t\t\t\ttitle=\"Funciones\"\n\t\t\t\t\t\t\t>\n\t\t\t\t<span class=\"sow-icon-elegantline\" data-sow-icon=\"&#xe02b;\"\n\t\tstyle=\"font-size: 65px; color: #404040\" \n\t\taria-hidden=\"true\"><\/span>\t\t\t<\/div>\n\n\t\t\t<div class=\"textwidget\">\n\t\t\t\t\n\t\t\t\t\t\t\t\t\t<h5 class=\"sow-features-feature-title\">\n\t\t\t\t\t\tFunciones\t\t\t\t\t<\/h5>\n\t\t\t\t\n\t\t\t\t\t\t\t\t\t<div class=\"sow-features-feature-text\">\n\t\t\t\t\t<ul>\n<li style=\"text-align: left\">M\u00f3dulo de Grabaci\u00f3n de Llamadas<\/li>\n<li style=\"text-align: left\">M\u00f3dulo de Administraci\u00f3n de Fax Virtual<\/li>\n<li style=\"text-align: left\">Integraci\u00f3n con Aplicaciones Existente<\/li>\n<li style=\"text-align: left\">Soporte de Protocolo ECCP<\/li>\n<li style=\"text-align: left\">M\u00f3dulo de Chat, modalidad web y modalidad Smartphone<\/li>\n<li style=\"text-align: left\">Reportaci\u00f3n avanzada<\/li>\n<li style=\"text-align: left\">Integraci\u00f3n a CRM (Web Services)<\/li>\n<li style=\"text-align: left\">Integraci\u00f3n a bases de datos: Oracle: MSSQL, MySQL, Postgresql<\/li>\n<\/ul>\t\t\t\t\t<\/div>\n\t\t\t\t\t\t\t\t<\/div>\n\t\t\t\t\t\t\t\t<\/li>\n\n\t\t\t<li\n\t\t\tclass=\"sow-features-feature sow-icon-container-position-top\"\n\t\t\tstyle=\"display: flex; flex-direction: column; width: calc(33.333% - 25px);\"\n\t\t>\n\t\t\t\n\t\t\t\t\t\t<div\t\t\t\tclass=\"sow-icon-container sow-container-none\"\n\t\t\t\tstyle=\"color: #404040; \"\n\t\t\t\ttitle=\"Campa\u00f1a Saliente\"\n\t\t\t\t\t\t\t>\n\t\t\t\t<span class=\"sow-icon-elegantline\" data-sow-icon=\"&#xe021;\"\n\t\tstyle=\"font-size: 65px; color: #404040\" \n\t\taria-hidden=\"true\"><\/span>\t\t\t<\/div>\n\n\t\t\t<div class=\"textwidget\">\n\t\t\t\t\n\t\t\t\t\t\t\t\t\t<h5 class=\"sow-features-feature-title\">\n\t\t\t\t\t\tCampa\u00f1a Saliente\t\t\t\t\t<\/h5>\n\t\t\t\t\n\t\t\t\t\t\t\t\t\t<div class=\"sow-features-feature-text\">\n\t\t\t\t\t<ul>\n<li style=\"text-align: left\">Genera llamadas desde un listado de tel\u00e9fonos<\/li>\n<li style=\"text-align: left\">Las llamadas son asignadas a los agentes para intercomunicar con los clientes<\/li>\n<li style=\"text-align: left\">Marcador predictivo genera las llamadas buscando la mayor eficiencia<\/li>\n<li style=\"text-align: left\">El operador recibe informaci\u00f3n del usuario y las ingresa a la base de datos a trav\u00e9s de formularios<\/li>\n<li style=\"text-align: left\">La informaci\u00f3n puede ser exportada a hojas de c\u00e1lculo<\/li>\n<\/ul>\t\t\t\t\t<\/div>\n\t\t\t\t\t\t\t\t<\/div>\n\t\t\t\t\t\t\t\t<\/li>\n\n\t\t\t<li\n\t\t\tclass=\"sow-features-feature sow-icon-container-position-top\"\n\t\t\tstyle=\"display: flex; flex-direction: column; width: calc(33.333% - 25px);\"\n\t\t>\n\t\t\t\n\t\t\t\t\t\t<div\t\t\t\tclass=\"sow-icon-container sow-container-none\"\n\t\t\t\tstyle=\"color: #404040; \"\n\t\t\t\ttitle=\"Campa\u00f1a Entrante\"\n\t\t\t\t\t\t\t>\n\t\t\t\t<span class=\"sow-icon-elegantline\" data-sow-icon=\"&#xe021;\"\n\t\tstyle=\"font-size: 65px; color: #404040\" \n\t\taria-hidden=\"true\"><\/span>\t\t\t<\/div>\n\n\t\t\t<div class=\"textwidget\">\n\t\t\t\t\n\t\t\t\t\t\t\t\t\t<h5 class=\"sow-features-feature-title\">\n\t\t\t\t\t\tCampa\u00f1a Entrante\t\t\t\t\t<\/h5>\n\t\t\t\t\n\t\t\t\t\t\t\t\t\t<div class=\"sow-features-feature-text\">\n\t\t\t\t\t<ul>\n<li style=\"text-align: left\">Contact Center recibe llamadas y se las asigna a los agentes a trav\u00e9s de colas.<\/li>\n<li style=\"text-align: left\">Se puede alimentar una base de n\u00fameros telef\u00f3nicos y clientes para conocer quien est\u00e1 generando la llamada y brindar una mejor atenci\u00f3n al cliente.<\/li>\n<\/ul>\t\t\t\t\t<\/div>\n\t\t\t\t\t\t\t\t<\/div>\n\t\t\t\t\t\t\t\t<\/li>\n\n\t<\/ul>\n<\/div><\/div><\/div><\/div><\/div><\/div><div id=\"pg-1797-2\"  class=\"panel-grid panel-no-style\" ><div id=\"pgc-1797-2-0\"  class=\"panel-grid-cell\" ><div id=\"panel-1797-2-0-0\" class=\"so-panel widget widget_sow-editor panel-first-child panel-last-child\" data-index=\"3\" ><div\n\t\t\t\n\t\t\tclass=\"so-widget-sow-editor so-widget-sow-editor-base\"\n\t\t\t\n\t\t>\n<div class=\"siteorigin-widget-tinymce textwidget\">\n\t<p>[pdf-embedder url=\"http:\/\/www.cybermatica.com.py\/wp-content\/uploads\/2017\/11\/Issabel-Overview-A4-ES-V1.0.1-171020-1.pdf\" title=\"Issabel Overview A4 (ES) - V1.0.1 - 171020-1\"]<\/p>\n<\/div>\n<\/div><\/div><\/div><\/div><div id=\"pg-1797-3\"  class=\"panel-grid panel-no-style\" ><div id=\"pgc-1797-3-0\"  class=\"panel-grid-cell\" ><div id=\"panel-1797-3-0-0\" class=\"so-panel widget widget_sow-slider panel-first-child\" data-index=\"4\" ><div\n\t\t\t\n\t\t\tclass=\"so-widget-sow-slider so-widget-sow-slider-default-2a677c6c4088-1797\"\n\t\t\t\n\t\t>\t\t\t\t<div class=\"sow-slider-base\" style=\"display: none\" tabindex=\"0\">\n\t\t\t\t\t<ul\n\t\t\t\t\tclass=\"sow-slider-images\"\n\t\t\t\t\tdata-settings=\"{&quot;pagination&quot;:true,&quot;speed&quot;:700,&quot;timeout&quot;:8000,&quot;paused&quot;:false,&quot;pause_on_hover&quot;:false,&quot;swipe&quot;:true,&quot;nav_always_show_desktop&quot;:&quot;&quot;,&quot;nav_always_show_mobile&quot;:&quot;&quot;,&quot;breakpoint&quot;:&quot;780px&quot;,&quot;unmute&quot;:false,&quot;anchor&quot;:null}\"\n\t\t\t\t\t\t\t\t\t\tdata-anchor-id=\"\"\n\t\t\t\t>\t\t<li class=\"sow-slider-image\" style=\"visibility: visible;\" >\n\t\t\t\t\t\t<div class=\"sow-slider-image-container\">\n\t\t\t\t<div class=\"sow-slider-image-wrapper\" style=\"max-width: 1299px\">\n\t\t\t\t\t\t\t\t\t\t<div class=\"sow-slider-image-foreground-wrapper\">\n\t\t\t\t\t\t<img fetchpriority=\"high\" decoding=\"async\" width=\"1299\" height=\"671\" src=\"https:\/\/www.cybermatica.com.py\/wp-content\/uploads\/2017\/11\/issabel-beta-agent-console-unified-communications-pbx-voip-open-source.jpeg\" class=\"sow-slider-foreground-image\" alt=\"\" style=\"\" srcset=\"https:\/\/www.cybermatica.com.py\/wp-content\/uploads\/2017\/11\/issabel-beta-agent-console-unified-communications-pbx-voip-open-source.jpeg 1299w, https:\/\/www.cybermatica.com.py\/wp-content\/uploads\/2017\/11\/issabel-beta-agent-console-unified-communications-pbx-voip-open-source-350x181.jpeg 350w, https:\/\/www.cybermatica.com.py\/wp-content\/uploads\/2017\/11\/issabel-beta-agent-console-unified-communications-pbx-voip-open-source-600x310.jpeg 600w, https:\/\/www.cybermatica.com.py\/wp-content\/uploads\/2017\/11\/issabel-beta-agent-console-unified-communications-pbx-voip-open-source-300x155.jpeg 300w, https:\/\/www.cybermatica.com.py\/wp-content\/uploads\/2017\/11\/issabel-beta-agent-console-unified-communications-pbx-voip-open-source-768x397.jpeg 768w, https:\/\/www.cybermatica.com.py\/wp-content\/uploads\/2017\/11\/issabel-beta-agent-console-unified-communications-pbx-voip-open-source-1024x529.jpeg 1024w\" sizes=\"(max-width: 1299px) 100vw, 1299px\" \/>\t\t\t\t\t<\/div>\n\t\t\t\t\t\t\t\t\t<\/div>\n\t\t\t<\/div>\n\t\t\t\t\t<\/li>\n\t\t\t\t<li class=\"sow-slider-image\" style=\"visibility: hidden;\" >\n\t\t\t\t\t\t<div class=\"sow-slider-image-container\">\n\t\t\t\t<div class=\"sow-slider-image-wrapper\" style=\"max-width: 1073px\">\n\t\t\t\t\t\t\t\t\t\t<div class=\"sow-slider-image-foreground-wrapper\">\n\t\t\t\t\t\t<img decoding=\"async\" width=\"1073\" height=\"665\" src=\"https:\/\/www.cybermatica.com.py\/wp-content\/uploads\/2017\/11\/fop2.png\" class=\"sow-slider-foreground-image\" alt=\"\" style=\"\" srcset=\"https:\/\/www.cybermatica.com.py\/wp-content\/uploads\/2017\/11\/fop2.png 1073w, https:\/\/www.cybermatica.com.py\/wp-content\/uploads\/2017\/11\/fop2-350x217.png 350w, https:\/\/www.cybermatica.com.py\/wp-content\/uploads\/2017\/11\/fop2-600x372.png 600w, https:\/\/www.cybermatica.com.py\/wp-content\/uploads\/2017\/11\/fop2-300x186.png 300w, https:\/\/www.cybermatica.com.py\/wp-content\/uploads\/2017\/11\/fop2-768x476.png 768w, https:\/\/www.cybermatica.com.py\/wp-content\/uploads\/2017\/11\/fop2-1024x635.png 1024w\" sizes=\"(max-width: 1073px) 100vw, 1073px\" \/>\t\t\t\t\t<\/div>\n\t\t\t\t\t\t\t\t\t<\/div>\n\t\t\t<\/div>\n\t\t\t\t\t<\/li>\n\t\t\t\t<li class=\"sow-slider-image\" style=\"visibility: hidden;\" >\n\t\t\t\t\t\t<div class=\"sow-slider-image-container\">\n\t\t\t\t<div class=\"sow-slider-image-wrapper\" style=\"max-width: 1297px\">\n\t\t\t\t\t\t\t\t\t\t<div class=\"sow-slider-image-foreground-wrapper\">\n\t\t\t\t\t\t<img decoding=\"async\" width=\"1297\" height=\"668\" src=\"https:\/\/www.cybermatica.com.py\/wp-content\/uploads\/2017\/09\/issabel-beta-pbx-configuration-unified-communications-pbx-voip-open-source.jpeg\" class=\"sow-slider-foreground-image\" alt=\"\" style=\"\" srcset=\"https:\/\/www.cybermatica.com.py\/wp-content\/uploads\/2017\/09\/issabel-beta-pbx-configuration-unified-communications-pbx-voip-open-source.jpeg 1297w, https:\/\/www.cybermatica.com.py\/wp-content\/uploads\/2017\/09\/issabel-beta-pbx-configuration-unified-communications-pbx-voip-open-source-350x180.jpeg 350w, https:\/\/www.cybermatica.com.py\/wp-content\/uploads\/2017\/09\/issabel-beta-pbx-configuration-unified-communications-pbx-voip-open-source-600x309.jpeg 600w, https:\/\/www.cybermatica.com.py\/wp-content\/uploads\/2017\/09\/issabel-beta-pbx-configuration-unified-communications-pbx-voip-open-source-300x155.jpeg 300w, https:\/\/www.cybermatica.com.py\/wp-content\/uploads\/2017\/09\/issabel-beta-pbx-configuration-unified-communications-pbx-voip-open-source-768x396.jpeg 768w, https:\/\/www.cybermatica.com.py\/wp-content\/uploads\/2017\/09\/issabel-beta-pbx-configuration-unified-communications-pbx-voip-open-source-1024x527.jpeg 1024w\" sizes=\"(max-width: 1297px) 100vw, 1297px\" \/>\t\t\t\t\t<\/div>\n\t\t\t\t\t\t\t\t\t<\/div>\n\t\t\t<\/div>\n\t\t\t\t\t<\/li>\n\t\t<\/ul>\t\t\t\t<ol class=\"sow-slider-pagination\">\n\t\t\t\t\t\t\t\t\t\t\t<li><a href=\"#\" data-goto=\"0\" aria-label=\"mostrar diapositiva 1\"><\/a><\/li>\n\t\t\t\t\t\t\t\t\t\t\t<li><a href=\"#\" data-goto=\"1\" aria-label=\"mostrar diapositiva 2\"><\/a><\/li>\n\t\t\t\t\t\t\t\t\t\t\t<li><a href=\"#\" data-goto=\"2\" aria-label=\"mostrar diapositiva 3\"><\/a><\/li>\n\t\t\t\t\t\t\t\t\t<\/ol>\n\n\t\t\t\t<div class=\"sow-slide-nav sow-slide-nav-next\">\n\t\t\t\t\t<a href=\"#\" data-goto=\"next\" aria-label=\"diapositiva siguiente\" data-action=\"next\">\n\t\t\t\t\t\t<em class=\"sow-sld-icon-thin-right\"><\/em>\n\t\t\t\t\t<\/a>\n\t\t\t\t<\/div>\n\n\t\t\t\t<div class=\"sow-slide-nav sow-slide-nav-prev\">\n\t\t\t\t\t<a href=\"#\" data-goto=\"previous\" aria-label=\"diapositiva anterior\" data-action=\"prev\">\n\t\t\t\t\t\t<em class=\"sow-sld-icon-thin-left\"><\/em>\n\t\t\t\t\t<\/a>\n\t\t\t\t<\/div>\n\t\t\t\t<\/div><\/div><\/div><div id=\"panel-1797-3-0-1\" class=\"widget_text so-panel widget widget_custom_html panel-last-child\" data-index=\"5\" ><div class=\"textwidget custom-html-widget\"><script data-ad-client=\"ca-pub-7684847858201976\" async src=\"https:\/\/pagead2.googlesyndication.com\/pagead\/js\/adsbygoogle.js\"><\/script><\/div><\/div><\/div><\/div><\/div>","protected":false},"excerpt":{"rendered":"<p>issabel call center Una herramienta poderosa y flexible, f\u00e1cil de usar, sin licencias, reportes acordes a las necesidades.\u00a0 \u00a0 \u00bfQUE TE OFRECE?&#8230; Te mostramos lo que tiene nuestro sistema de &#8230;<\/p>\n","protected":false},"author":1,"featured_media":0,"parent":0,"menu_order":0,"comment_status":"closed","ping_status":"closed","template":"template-fullwidth.php","meta":{"_joinchat":[],"footnotes":""},"class_list":["post-1797","page","type-page","status-publish","hentry"],"aioseo_notices":[],"jetpack_sharing_enabled":true,"amp_enabled":true,"_links":{"self":[{"href":"https:\/\/www.cybermatica.com.py\/index.php?rest_route=\/wp\/v2\/pages\/1797","targetHints":{"allow":["GET"]}}],"collection":[{"href":"https:\/\/www.cybermatica.com.py\/index.php?rest_route=\/wp\/v2\/pages"}],"about":[{"href":"https:\/\/www.cybermatica.com.py\/index.php?rest_route=\/wp\/v2\/types\/page"}],"author":[{"embeddable":true,"href":"https:\/\/www.cybermatica.com.py\/index.php?rest_route=\/wp\/v2\/users\/1"}],"replies":[{"embeddable":true,"href":"https:\/\/www.cybermatica.com.py\/index.php?rest_route=%2Fwp%2Fv2%2Fcomments&post=1797"}],"version-history":[{"count":93,"href":"https:\/\/www.cybermatica.com.py\/index.php?rest_route=\/wp\/v2\/pages\/1797\/revisions"}],"predecessor-version":[{"id":2366,"href":"https:\/\/www.cybermatica.com.py\/index.php?rest_route=\/wp\/v2\/pages\/1797\/revisions\/2366"}],"wp:attachment":[{"href":"https:\/\/www.cybermatica.com.py\/index.php?rest_route=%2Fwp%2Fv2%2Fmedia&parent=1797"}],"curies":[{"name":"wp","href":"https:\/\/api.w.org\/{rel}","templated":true}]}}