{"id":1350,"date":"2017-09-21T22:43:34","date_gmt":"2017-09-21T22:43:34","guid":{"rendered":"http:\/\/cybermatica.com.py\/?page_id=1350"},"modified":"2025-07-10T08:01:33","modified_gmt":"2025-07-10T12:01:33","slug":"issabel-ip","status":"publish","type":"page","link":"https:\/\/www.cybermatica.com.py\/?page_id=1350","title":{"rendered":"ISSABEL IP"},"content":{"rendered":"\t\t<div data-elementor-type=\"wp-page\" data-elementor-id=\"1350\" class=\"elementor elementor-1350\">\n\t\t\t\t\t\t<section class=\"elementor-section elementor-top-section elementor-element elementor-element-780069a9 elementor-section-boxed elementor-section-height-default elementor-section-height-default\" data-id=\"780069a9\" data-element_type=\"section\">\n\t\t\t\t\t\t<div class=\"elementor-container elementor-column-gap-default\">\n\t\t\t\t\t<div class=\"elementor-column elementor-col-100 elementor-top-column elementor-element elementor-element-43431374\" data-id=\"43431374\" data-element_type=\"column\">\n\t\t\t<div class=\"elementor-widget-wrap elementor-element-populated\">\n\t\t\t\t\t\t<div class=\"elementor-element elementor-element-2074ac4 elementor-widget elementor-widget-text-editor\" data-id=\"2074ac4\" data-element_type=\"widget\" data-widget_type=\"text-editor.default\">\n\t\t\t\t<div class=\"elementor-widget-container\">\n\t\t\t\t\t\t\t\t\t<p><img decoding=\"async\" class=\"alignnone size-medium wp-image-1373\" src=\"http:\/\/cybermatica.com.py\/wp-content\/uploads\/2017\/09\/Issabel-IVC-rgb-05-300x114.png\" alt=\"\" width=\"300\" height=\"114\" srcset=\"https:\/\/www.cybermatica.com.py\/wp-content\/uploads\/2017\/09\/Issabel-IVC-rgb-05-300x114.png 300w, https:\/\/www.cybermatica.com.py\/wp-content\/uploads\/2017\/09\/Issabel-IVC-rgb-05-350x134.png 350w, https:\/\/www.cybermatica.com.py\/wp-content\/uploads\/2017\/09\/Issabel-IVC-rgb-05-600x229.png 600w, https:\/\/www.cybermatica.com.py\/wp-content\/uploads\/2017\/09\/Issabel-IVC-rgb-05-768x293.png 768w, https:\/\/www.cybermatica.com.py\/wp-content\/uploads\/2017\/09\/Issabel-IVC-rgb-05-1024x391.png 1024w, https:\/\/www.cybermatica.com.py\/wp-content\/uploads\/2017\/09\/Issabel-IVC-rgb-05.png 1080w\" sizes=\"(max-width: 300px) 100vw, 300px\" \/><img decoding=\"async\" class=\"alignnone wp-image-1374\" src=\"http:\/\/cybermatica.com.py\/wp-content\/uploads\/2017\/09\/C6Xn1I8U4AAbtb7-300x183.jpg\" alt=\"\" width=\"211\" height=\"129\" srcset=\"https:\/\/www.cybermatica.com.py\/wp-content\/uploads\/2017\/09\/C6Xn1I8U4AAbtb7-300x183.jpg 300w, https:\/\/www.cybermatica.com.py\/wp-content\/uploads\/2017\/09\/C6Xn1I8U4AAbtb7-350x213.jpg 350w, https:\/\/www.cybermatica.com.py\/wp-content\/uploads\/2017\/09\/C6Xn1I8U4AAbtb7-600x365.jpg 600w, https:\/\/www.cybermatica.com.py\/wp-content\/uploads\/2017\/09\/C6Xn1I8U4AAbtb7-768x468.jpg 768w, https:\/\/www.cybermatica.com.py\/wp-content\/uploads\/2017\/09\/C6Xn1I8U4AAbtb7.jpg 890w\" sizes=\"(max-width: 211px) 100vw, 211px\" \/><img decoding=\"async\" class=\"alignnone wp-image-1376\" src=\"http:\/\/cybermatica.com.py\/wp-content\/uploads\/2017\/09\/TCO-4000-enterprise-300x200.png\" alt=\"\" width=\"259\" height=\"172\" srcset=\"https:\/\/www.cybermatica.com.py\/wp-content\/uploads\/2017\/09\/TCO-4000-enterprise-300x200.png 300w, https:\/\/www.cybermatica.com.py\/wp-content\/uploads\/2017\/09\/TCO-4000-enterprise-350x233.png 350w, https:\/\/www.cybermatica.com.py\/wp-content\/uploads\/2017\/09\/TCO-4000-enterprise.png 600w\" sizes=\"(max-width: 259px) 100vw, 259px\" \/><img loading=\"lazy\" decoding=\"async\" class=\"alignnone wp-image-1683\" src=\"https:\/\/www.cybermatica.com.py\/wp-content\/uploads\/2017\/09\/ISS-UCR-Business-550-circle-300x200.png\" alt=\"\" width=\"239\" height=\"159\" srcset=\"https:\/\/www.cybermatica.com.py\/wp-content\/uploads\/2017\/09\/ISS-UCR-Business-550-circle-300x200.png 300w, https:\/\/www.cybermatica.com.py\/wp-content\/uploads\/2017\/09\/ISS-UCR-Business-550-circle-350x233.png 350w, https:\/\/www.cybermatica.com.py\/wp-content\/uploads\/2017\/09\/ISS-UCR-Business-550-circle.png 600w, https:\/\/www.cybermatica.com.py\/wp-content\/uploads\/2017\/09\/ISS-UCR-Business-550-circle-272x182.png 272w\" sizes=\"(max-width: 239px) 100vw, 239px\" \/><\/p><p><span style=\"font-family: Tahoma, Arial, Helvetica, sans-serif;\"><span style=\"font-size: 24px;\"><b>Transform\u00e1 tu Comunicaci\u00f3n Empresarial con Issabel IP<\/b><\/span><\/span><\/p><p><span style=\"font-family: Tahoma, Arial, Helvetica, sans-serif;\"><span style=\"font-size: 24px;\">Una central moderna, segura y escalable para empresas que desean un sistema telef\u00f3nico profesional sin costos innecesarios.<\/span><\/span><\/p><div>\u00a0<\/div><p><span style=\"text-align: justify; font-size: 14pt;\"><strong>Cybermatica<\/strong><\/span><span style=\"text-align: justify; font-size: 0.875rem;\">, ofrece la mejor soluci\u00f3n de Centrales telef\u00f3nicas , Issabel cuenta con las funcionalidades avanzadas que su empresa necesita.Obtenga su <\/span><span style=\"text-align: justify; font-size: 14pt;\"><strong>Central Telef\u00f3nica<\/strong><\/span><span style=\"text-align: justify; font-size: 0.875rem;\"> : Issabel es una soluci\u00f3n ideal para empresas que desean contar con una soluci\u00f3n moderna y a un costo accesible, para darle el impulso que necesita a su empresa.<\/span><\/p><p style=\"text-align: justify;\">Una central telef\u00f3nica\u00a0<span class=\"textitular_cyan\">ISSABEL\u00a0<\/span>es una soluci\u00f3n capaz integrar diversos tipos de sistemas tradicionales de telefon\u00eda,Voz sobre IP y Bases de Datos, siendo capaz de funcionar tanto en l\u00edneas telef\u00f3nicas an\u00e1logas as\u00ed como como l\u00edneas digitales (Primarios \/E1). Ofreci\u00e9ndole a su empresa una plataforma de <span style=\"font-size: 14pt;\"><strong>telefon\u00eda avanzada<\/strong><\/span> y altamente flexible para su empresa, tal como si fuera una central telef\u00f3nica tradicional pero con todas las funcionalidades de una central de ultima generaci\u00f3n a un costo accesible.<\/p><p class=\"textitular_cyan\"><span style=\"font-size: 18pt; font-family: Tahoma, Arial, Helvetica, sans-serif;\"><strong>Beneficios :<\/strong><\/span><\/p><ul><li style=\"text-align: justify;\"><span style=\"font-size: 14pt;\"><strong>Numero de anexos ilimitados ( sujeto a capacidad de Hardware)<\/strong><\/span><\/li><li style=\"text-align: justify;\"><span style=\"font-size: 14pt;\"><strong>Integracion entre redes, la red de telefon\u00eda con la red de datos.<\/strong><\/span><\/li><li style=\"text-align: justify;\"><span style=\"font-size: 14pt;\"><strong>Anexos remotos via Internet , para sucursales , clientes o proveedores.<\/strong><\/span><\/li><li style=\"text-align: justify;\"><span style=\"font-size: 14pt;\"><strong>Coste cero llamadas entre delegaciones u oficinas<\/strong><\/span><\/li><li style=\"text-align: justify;\"><span style=\"font-size: 14pt;\"><strong>Integraci\u00f3n con proveedores de VOIP como <a href=\"http:\/\/copaco.com.py\">COPACO<\/a><\/strong><\/span><\/li><\/ul><h3 data-start=\"1812\" data-end=\"1877\">\ud83d\udfe7 <strong data-start=\"1819\" data-end=\"1877\">Opciones t\u00e9cnicas destacadas<\/strong><\/h3><ul data-start=\"1879\" data-end=\"2085\"><li data-start=\"1879\" data-end=\"1899\"><p data-start=\"1881\" data-end=\"1899\">Administraci\u00f3n Web<\/p><\/li><li data-start=\"1900\" data-end=\"1918\"><p data-start=\"1902\" data-end=\"1918\">M\u00fasica en espera<\/p><\/li><li data-start=\"1919\" data-end=\"1946\"><p data-start=\"1921\" data-end=\"1946\">Transferencia de llamadas<\/p><\/li><li data-start=\"1947\" data-end=\"1979\"><p data-start=\"1949\" data-end=\"1979\">Videollamadas con Issabel Meet<\/p><\/li><li data-start=\"1980\" data-end=\"2016\"><p data-start=\"1982\" data-end=\"2016\">Certificados HTTPS (Let\u2019s Encrypt)<\/p><\/li><li data-start=\"2017\" data-end=\"2045\"><p data-start=\"2019\" data-end=\"2045\">Operadora autom\u00e1tica (IVR)<\/p><\/li><li data-start=\"2046\" data-end=\"2085\"><p data-start=\"2048\" data-end=\"2085\">Integraci\u00f3n con Endpoint Configurator<\/p><\/li><\/ul><h1>\ud83d\udda5\ufe0f Plataforma de operaci\u00f3n:<\/h1><p><br \/><span style=\"font-size: 12pt;\">\u2022 Sistema Operativo: Rocky Linux 8 o CentOS 7 (64 bits)<\/span><br \/><span style=\"font-size: 12pt;\">\u2022 Motor de telefon\u00eda: Asterisk 18.x LTS<\/span><br \/><span style=\"font-size: 12pt;\">\u2022 Interfaz web: Issabel 5 GUI (basado en FreePBX actualizado)<\/span><br \/><span style=\"font-size: 12pt;\">\u2022 Webserver: Apache 2.4, MariaDB 10.x, PHP 7.4+<\/span><\/p><h2 data-start=\"887\" data-end=\"980\">\ud83d\udfe8 <strong data-start=\"893\" data-end=\"980\">Principales novedades de Issabel PBX versi\u00f3n 5\u00a0<\/strong><\/h2><p data-start=\"982\" data-end=\"1025\">Us\u00e1 cada \u00edtem con su \u00edcono correspondiente:<\/p><ul data-start=\"1027\" data-end=\"1701\"><li data-start=\"1027\" data-end=\"1136\"><p data-start=\"1029\" data-end=\"1136\">\u2699\ufe0f <strong data-start=\"1032\" data-end=\"1076\">Ping y Traceroute desde la interfaz web:<\/strong> herramientas de red integradas directamente desde el panel.<\/p><\/li><li data-start=\"1137\" data-end=\"1231\"><p data-start=\"1139\" data-end=\"1231\">\ud83e\udde9 <strong data-start=\"1142\" data-end=\"1203\">Extensiones por lotes separadas de Endpoint Configurator:<\/strong> m\u00e1s control y organizaci\u00f3n.<\/p><\/li><li data-start=\"1232\" data-end=\"1327\"><p data-start=\"1234\" data-end=\"1327\">\ud83d\udd10 <strong data-start=\"1237\" data-end=\"1278\">Clase de Servicio (Class of Service):<\/strong> defin\u00ed permisos de llamadas para cada extensi\u00f3n.<\/p><\/li><li data-start=\"1328\" data-end=\"1407\"><p data-start=\"1330\" data-end=\"1407\">\ud83c\udfa5 <strong data-start=\"1333\" data-end=\"1350\">Issabel Meet:<\/strong> posibilidad de crear videoconferencias desde el sistema.<\/p><\/li><li data-start=\"1408\" data-end=\"1494\"><p data-start=\"1410\" data-end=\"1494\">\ud83d\udee1\ufe0f <strong data-start=\"1414\" data-end=\"1439\">Fail2Ban incorporado:<\/strong> protecci\u00f3n contra intentos de acceso indebidos por IP.<\/p><\/li><li data-start=\"1495\" data-end=\"1588\"><p data-start=\"1497\" data-end=\"1588\">\ud83d\udd12 <strong data-start=\"1500\" data-end=\"1535\">Certificados HTTPS autom\u00e1ticos:<\/strong> integraci\u00f3n con Let&#8217;s Encrypt desde la interfaz web.<\/p><\/li><li data-start=\"1589\" data-end=\"1701\"><p data-start=\"1591\" data-end=\"1701\">\ud83d\udce1 <strong data-start=\"1594\" data-end=\"1645\">Dashboard moderno con monitoreo en tiempo real:<\/strong> tr\u00e1fico de red, CPU, memoria, disco y estad\u00edsticas SIP.<\/p><\/li><\/ul><h3 data-start=\"1469\" data-end=\"1531\">\ud83d\udfeb <strong data-start=\"1476\" data-end=\"1531\">Tabla comparativa de planes\u00a0<\/strong><\/h3><div class=\"_tableContainer_80l1q_1\"><div class=\"_tableWrapper_80l1q_14 group flex w-fit flex-col-reverse\" tabindex=\"-1\">\u00a0<\/div><\/div><table><thead><tr><th>Plan<\/th><th>Basic<\/th><th>Pro<\/th><th>Premium<\/th><\/tr><\/thead><tbody><tr><td>Servidores<\/td><td>1<\/td><td>1<\/td><td>1<\/td><\/tr><tr><td>Horas Soporte Mensual<\/td><td>10<\/td><td>20<\/td><td>30<\/td><\/tr><tr><td>Soporte Telef\u00f3nico<\/td><td>\u274c<\/td><td>\u2705<\/td><td>\u2705<\/td><\/tr><tr><td>Soporte por Chat<\/td><td>\u2705<\/td><td>\u2705<\/td><td>\u2705<\/td><\/tr><tr><td>Soporte Remoto<\/td><td>\u274c<\/td><td>\u2705<\/td><td>\u2705<\/td><\/tr><tr><td>Plan de Atenci\u00f3n<\/td><td>8\/5<\/td><td>8\/5<\/td><td>24\/7<\/td><\/tr><\/tbody><\/table><h3 data-start=\"1225\" data-end=\"1278\">\ud83d\udfe8 <strong data-start=\"1232\" data-end=\"1278\">Testimonios:<\/strong><\/h3><blockquote data-start=\"1280\" data-end=\"1462\"><p data-start=\"1282\" data-end=\"1462\">\u201cDesde que migramos a Issabel con Cybermatica, bajamos los costos de llamadas un 65% y conectamos nuestras sucursales con una sola plataforma.\u201d<br data-start=\"1425\" data-end=\"1428\" \/>\u2014 <em data-start=\"1432\" data-end=\"1462\">Carlos G., Jefe de TI en XYZ<\/em><\/p><p data-start=\"1282\" data-end=\"1462\">\u00a0<\/p><p data-start=\"1282\" data-end=\"1462\">\u201cDesde la migracion de issabel, hemos mejorado mucho el nivel de atencion a nuestros clientes. Cybermatica ha sido sin duda una ayuda importante para ello, en la implementacion, atencion y pos venta.\u00a0<\/p><p data-start=\"1282\" data-end=\"1462\">\u2014 Rodrigo Battilana Gerente de TI Universidad Columbia<\/p><\/blockquote>\t\t\t\t\t\t\t\t<\/div>\n\t\t\t\t<\/div>\n\t\t\t\t\t<\/div>\n\t\t<\/div>\n\t\t\t\t\t<\/div>\n\t\t<\/section>\n\t\t\t\t<\/div>\n\t\t","protected":false},"excerpt":{"rendered":"<p>Transform\u00e1 tu Comunicaci\u00f3n Empresarial con Issabel IP Una central moderna, segura y escalable para empresas que desean un sistema telef\u00f3nico profesional sin costos innecesarios. \u00a0 Cybermatica, ofrece la mejor soluci\u00f3n &#8230;<\/p>\n","protected":false},"author":1,"featured_media":1373,"parent":0,"menu_order":0,"comment_status":"closed","ping_status":"closed","template":"template-fullwidth.php","meta":{"_joinchat":[],"footnotes":""},"class_list":["post-1350","page","type-page","status-publish","has-post-thumbnail","hentry"],"aioseo_notices":[],"jetpack_sharing_enabled":true,"amp_enabled":true,"_links":{"self":[{"href":"https:\/\/www.cybermatica.com.py\/index.php?rest_route=\/wp\/v2\/pages\/1350","targetHints":{"allow":["GET"]}}],"collection":[{"href":"https:\/\/www.cybermatica.com.py\/index.php?rest_route=\/wp\/v2\/pages"}],"about":[{"href":"https:\/\/www.cybermatica.com.py\/index.php?rest_route=\/wp\/v2\/types\/page"}],"author":[{"embeddable":true,"href":"https:\/\/www.cybermatica.com.py\/index.php?rest_route=\/wp\/v2\/users\/1"}],"replies":[{"embeddable":true,"href":"https:\/\/www.cybermatica.com.py\/index.php?rest_route=%2Fwp%2Fv2%2Fcomments&post=1350"}],"version-history":[{"count":62,"href":"https:\/\/www.cybermatica.com.py\/index.php?rest_route=\/wp\/v2\/pages\/1350\/revisions"}],"predecessor-version":[{"id":2608,"href":"https:\/\/www.cybermatica.com.py\/index.php?rest_route=\/wp\/v2\/pages\/1350\/revisions\/2608"}],"wp:featuredmedia":[{"embeddable":true,"href":"https:\/\/www.cybermatica.com.py\/index.php?rest_route=\/wp\/v2\/media\/1373"}],"wp:attachment":[{"href":"https:\/\/www.cybermatica.com.py\/index.php?rest_route=%2Fwp%2Fv2%2Fmedia&parent=1350"}],"curies":[{"name":"wp","href":"https:\/\/api.w.org\/{rel}","templated":true}]}}