{"id":1333,"date":"2017-09-18T18:42:47","date_gmt":"2017-09-18T18:42:47","guid":{"rendered":"http:\/\/cybermatica.com.py\/?page_id=1333"},"modified":"2017-09-18T18:42:47","modified_gmt":"2017-09-18T18:42:47","slug":"comunicaciones-unificadas","status":"publish","type":"page","link":"https:\/\/www.cybermatica.com.py\/?page_id=1333","title":{"rendered":"Comunicaciones Unificadas"},"content":{"rendered":"<p><span style=\"color: #333333; font-family: Raleway, Helvetica, Arial, sans-serif; font-size: 40px; font-weight: 800; letter-spacing: 2px; text-transform: uppercase;\">\u00bfQu\u00e9 son las Comunicaciones Unificadas?<\/span><\/p>\n<p>Las Comunicaciones Unificadas son definidas como el proceso en el cual todos los sistemas y aparatos de comunicaci\u00f3n de una empresa se encuentran completamente integrados.\u00a0 Esto permite ventajas para los usuarios ya que pueden mantenerse en contacto con cualquier persona, donde quiera que esten y en tiempo real.<\/p>\n<p>El objetivo de las Comunicaciones Unificadas es el de optimizar los procedimientos laborales, mejorar las comunicaciones entre personas y simplificar procesos que benefician las ganancias de los negocios.<\/p>\n<p>A d\u00eda de hoy podemos afirmar que muchas veces \u00a0las personas, en sus puestos de trabajo, disponen de exceso de informaci\u00f3n y esto se convierte en que la informaci\u00f3n tratada en muchos casos es poco \u00fatil.<\/p>\n<p>El exceso de informaci\u00f3n es una realidad y la necesidad de mantener el contacto en tiempo real con los clientes y los colaboradores es una necesidad vital.<\/p>\n<p>Las Comunicaciones Unificadas son soluciones que reducen los inconvenientes y los retrasos que se producen al intentar localizar o contactar con personas, Las Comunicaciones Unificadas perfeccionan las Comunicaciones de Empresa.<\/p>\n<p>Habitualmente un empleado de una empresa maneja documentos de papel, fotocopias y copias de dichos documentos, e-mails, fax, mensajes por escrito, por e-mail, mensajes en el contestador del m\u00f3vil, mensajes en el buz\u00f3n de voz de la empresa, utilizan tel\u00e9fono de sobremesa, tel\u00e9fono inal\u00e1mbrico y tel\u00e9fono m\u00f3vil\u2026<\/p>\n<p>Hay estudios que han valorado que m\u00e1s del 60% de los empleados de una empresa manejan e incluso llevan consigo diferentes dispositivos de comunicaciones.<\/p>\n<p>Las Comunicaciones Unificadas nos permiten utilizar de forma inteligente todos estos dispositivos y nos permiten aplicar e utilizar herramientas de gesti\u00f3n que nos faciliten, ordenan y agilizan las tareas de comunicaci\u00f3n.<\/p>\n<p>Hasta muy recientemente, la comunicaci\u00f3n de datos y voz en las empresas no era un proceso unificado. Los tel\u00e9fonos eran simples cajas negras sobre el escritorio de los usuarios, conectados entre s\u00ed por medio de su propia red y completamente aislados de la red de datos del negocio.<\/p>\n<p>Con la evoluci\u00f3n de la telefon\u00eda IP \/ telefonia por internet, la integraci\u00f3n de los dos mundos de la comunicaci\u00f3n se ha hecho posible. Esto ha permitido a las empresas deshacerse de barreras y facilitar el uso de diferentes formas, medios y aparatos para comunicarse con quien sea, en d\u00f3nde sea y en cualquier momento. A este proceso se le conoce como\u00a0<strong>Comunicaciones Unificadas<\/strong>.<\/p>\n<p><b>Issabel\u00a0<\/b>es una herramienta de software que permite establecer comunicaciones unificadas. Issabel converge todas las alternativas de comunicaciones \u00a0disponibles a nivel empresarial en una \u00fanica soluci\u00f3n. Issabel no solo es una herramienta que provee una soluci\u00f3n de telefon\u00eda, es una soluci\u00f3n de comunicaciones unificadas, es decir, integra herramientas para correo electr\u00f3nico (email), FAX, Mensajer\u00eda Instant\u00e1nea, Telefon\u00eda Convencional (PSTN) y Telefon\u00eda IP (VoIP) y Video Conferencia.<\/p>\n","protected":false},"excerpt":{"rendered":"<p>\u00bfQu\u00e9 son las Comunicaciones Unificadas? Las Comunicaciones Unificadas son definidas como el proceso en el cual todos los sistemas y aparatos de comunicaci\u00f3n de una empresa se encuentran completamente integrados.\u00a0 &#8230;<\/p>\n","protected":false},"author":1,"featured_media":0,"parent":0,"menu_order":0,"comment_status":"closed","ping_status":"closed","template":"","meta":{"_joinchat":[],"footnotes":""},"class_list":["post-1333","page","type-page","status-publish","hentry"],"aioseo_notices":[],"jetpack_sharing_enabled":true,"amp_enabled":true,"_links":{"self":[{"href":"https:\/\/www.cybermatica.com.py\/index.php?rest_route=\/wp\/v2\/pages\/1333","targetHints":{"allow":["GET"]}}],"collection":[{"href":"https:\/\/www.cybermatica.com.py\/index.php?rest_route=\/wp\/v2\/pages"}],"about":[{"href":"https:\/\/www.cybermatica.com.py\/index.php?rest_route=\/wp\/v2\/types\/page"}],"author":[{"embeddable":true,"href":"https:\/\/www.cybermatica.com.py\/index.php?rest_route=\/wp\/v2\/users\/1"}],"replies":[{"embeddable":true,"href":"https:\/\/www.cybermatica.com.py\/index.php?rest_route=%2Fwp%2Fv2%2Fcomments&post=1333"}],"version-history":[{"count":1,"href":"https:\/\/www.cybermatica.com.py\/index.php?rest_route=\/wp\/v2\/pages\/1333\/revisions"}],"predecessor-version":[{"id":1334,"href":"https:\/\/www.cybermatica.com.py\/index.php?rest_route=\/wp\/v2\/pages\/1333\/revisions\/1334"}],"wp:attachment":[{"href":"https:\/\/www.cybermatica.com.py\/index.php?rest_route=%2Fwp%2Fv2%2Fmedia&parent=1333"}],"curies":[{"name":"wp","href":"https:\/\/api.w.org\/{rel}","templated":true}]}}