{"id":1330,"date":"2017-09-18T18:31:17","date_gmt":"2017-09-18T18:31:17","guid":{"rendered":"http:\/\/cybermatica.com.py\/?page_id=1330"},"modified":"2018-12-06T20:35:11","modified_gmt":"2018-12-06T20:35:11","slug":"redes","status":"publish","type":"page","link":"https:\/\/www.cybermatica.com.py\/?page_id=1330","title":{"rendered":"redes"},"content":{"rendered":"<p style=\"text-align: center;\"><span style=\"font-size: 14pt;\"><em>Realizamos trabajos de configuraci\u00f3n de equipos de redes Empresariales, Ofrecemos soluciones robustas y confiables para el buen funcionamiento de la red dentro de su empresa.<\/em><\/span><\/p>\n<p>&nbsp;<\/p>\n<ul>\n<li style=\"text-align: left;\"><span style=\"font-size: 14pt;\"><span style=\"font-size: 14pt;\"><strong>Instalaci\u00f3n de infraestructuras<\/strong><\/span><\/span><img fetchpriority=\"high\" decoding=\"async\" class=\" wp-image-2056 alignright\" src=\"https:\/\/www.cybermatica.com.py\/wp-content\/uploads\/2018\/12\/itinfrastructure1-713x330-300x139.jpg\" alt=\"\" width=\"346\" height=\"160\" srcset=\"https:\/\/www.cybermatica.com.py\/wp-content\/uploads\/2018\/12\/itinfrastructure1-713x330-300x139.jpg 300w, https:\/\/www.cybermatica.com.py\/wp-content\/uploads\/2018\/12\/itinfrastructure1-713x330-350x162.jpg 350w, https:\/\/www.cybermatica.com.py\/wp-content\/uploads\/2018\/12\/itinfrastructure1-713x330-600x278.jpg 600w, https:\/\/www.cybermatica.com.py\/wp-content\/uploads\/2018\/12\/itinfrastructure1-713x330.jpg 713w\" sizes=\"(max-width: 346px) 100vw, 346px\" \/>\n<p style=\"margin: 0cm; margin-bottom: .0001pt; vertical-align: baseline;\"><span style=\"font-size: 12pt; font-family: Verdana, Geneva; color: #666666;\">Nuestra visi\u00f3n integradora nos permite apoyar a las organizaciones, brind\u00e1ndoles soluciones tecnol\u00f3gicas de avanzada.<br style=\"box-sizing: border-box;\" \/>Nuestro portafolio de servicios est\u00e1 alineado y optimizado a las necesidades actuales de las empresas.<br style=\"box-sizing: border-box;\" \/>Trabajamos en, procesos, instalaciones y sus equipos de infraestructura para ayudarles a alcanzar r\u00e1pidamente sus objetivos tecnol\u00f3gicos.<\/span><\/p>\n<p style=\"margin: 0cm; margin-bottom: .0001pt; vertical-align: baseline; box-sizing: border-box; outline: 0px; text-size-adjust: 100%; background-position-x: 0px; background-position-y: 0px;\"><span style=\"font-size: 12pt; font-family: Verdana, Geneva; color: #666666;\">Ayudamos a planear, dise\u00f1ar, implementar y operar soluciones construidas sobre una plataforma de infraestructura convergente.<br style=\"box-sizing: border-box;\" \/>\u00a0Estos servicios incluyen consultor\u00eda para el centro de datos, redes y almacenamiento, herramientas de colaboraci\u00f3n.<\/span><\/p>\n<\/li>\n<\/ul>\n<p>&nbsp;<\/p>\n<p>&nbsp;<\/p>\n<p>&nbsp;<\/p>\n<ul>\n<li style=\"text-align: left;\"><span style=\"font-size: 14pt;\"><span style=\"font-size: 14pt;\"><span style=\"font-size: 14pt;\"><strong>Cableado estructurado<br \/>\n<\/strong><\/span><\/span><\/span><img decoding=\"async\" class=\"wp-image-2059 alignright\" style=\"font-family: Verdana, Geneva;\" src=\"https:\/\/www.cybermatica.com.py\/wp-content\/uploads\/2018\/12\/04-1024x576-300x169.png\" alt=\"\" width=\"348\" height=\"196\" srcset=\"https:\/\/www.cybermatica.com.py\/wp-content\/uploads\/2018\/12\/04-1024x576-300x169.png 300w, https:\/\/www.cybermatica.com.py\/wp-content\/uploads\/2018\/12\/04-1024x576-350x197.png 350w, https:\/\/www.cybermatica.com.py\/wp-content\/uploads\/2018\/12\/04-1024x576-600x338.png 600w, https:\/\/www.cybermatica.com.py\/wp-content\/uploads\/2018\/12\/04-1024x576-768x432.png 768w, https:\/\/www.cybermatica.com.py\/wp-content\/uploads\/2018\/12\/04-1024x576.png 1024w\" sizes=\"(max-width: 348px) 100vw, 348px\" \/><span style=\"font-family: Verdana, Geneva; font-size: 12pt;\">Somos una empresa\u00a0<strong>especializada en Cableado Estructurado<\/strong>. Ofrecemos servicios, soluciones y productos para el<strong>\u00a0cableado estructurado de su oficina, edificio o empresa con el fin de dotarle y ofrecerle conectividad en todos sus equipos activos, de diferentes o igual tecnolog\u00eda.<\/strong><\/span><span style=\"font-family: Verdana, Geneva; font-size: 12pt;\">Con nuestros Servicios de Cableado podr\u00e1 obtener la integraci\u00f3n de los diferentes servicios de los que disponga, como pueden ser telefon\u00eda, voz, datos, video, seguridad, dom\u00f3tica etc. Es decir, todo lo referente al cableado estructurado, a los sistemas de cableado estructurado (SCE), al cableado red y\u00a0<a href=\"https:\/\/es.wikipedia.org\/wiki\/Cableado_estructurado\" target=\"_blank\" rel=\"noopener\">cableado Voz y Datos<\/a>.<\/span><\/li>\n<li>Montaje de data center<\/li>\n<li style=\"text-align: left;\">Instalaci\u00f3n y configuraci\u00f3n de Firewall<\/li>\n<li style=\"text-align: left;\">Networkink<\/li>\n<li style=\"text-align: left;\">Configuraci\u00f3n de VPN, WLAN, VLAN, SWICHING, PROXY SERVER, FIREWALL<\/li>\n<li style=\"text-align: left;\">Servidores de correos, servidores de mail, Servidores web<\/li>\n<li style=\"text-align: left;\">Instalaci\u00f3n de sistemas CRM (customer relationship management)<\/li>\n<li style=\"text-align: left;\">Instalaci\u00f3n y mantenimiento de CCTV<\/li>\n<\/ul>\n","protected":false},"excerpt":{"rendered":"<p>Realizamos trabajos de configuraci\u00f3n de equipos de redes Empresariales, Ofrecemos soluciones robustas y confiables para el buen funcionamiento de la red dentro de su empresa. &nbsp; Instalaci\u00f3n de infraestructuras Nuestra &#8230;<\/p>\n","protected":false},"author":1,"featured_media":0,"parent":0,"menu_order":0,"comment_status":"closed","ping_status":"closed","template":"template-fullwidth-stretched.php","meta":{"_joinchat":[],"footnotes":""},"class_list":["post-1330","page","type-page","status-publish","hentry"],"aioseo_notices":[],"jetpack_sharing_enabled":true,"amp_enabled":true,"_links":{"self":[{"href":"https:\/\/www.cybermatica.com.py\/index.php?rest_route=\/wp\/v2\/pages\/1330","targetHints":{"allow":["GET"]}}],"collection":[{"href":"https:\/\/www.cybermatica.com.py\/index.php?rest_route=\/wp\/v2\/pages"}],"about":[{"href":"https:\/\/www.cybermatica.com.py\/index.php?rest_route=\/wp\/v2\/types\/page"}],"author":[{"embeddable":true,"href":"https:\/\/www.cybermatica.com.py\/index.php?rest_route=\/wp\/v2\/users\/1"}],"replies":[{"embeddable":true,"href":"https:\/\/www.cybermatica.com.py\/index.php?rest_route=%2Fwp%2Fv2%2Fcomments&post=1330"}],"version-history":[{"count":9,"href":"https:\/\/www.cybermatica.com.py\/index.php?rest_route=\/wp\/v2\/pages\/1330\/revisions"}],"predecessor-version":[{"id":2055,"href":"https:\/\/www.cybermatica.com.py\/index.php?rest_route=\/wp\/v2\/pages\/1330\/revisions\/2055"}],"wp:attachment":[{"href":"https:\/\/www.cybermatica.com.py\/index.php?rest_route=%2Fwp%2Fv2%2Fmedia&parent=1330"}],"curies":[{"name":"wp","href":"https:\/\/api.w.org\/{rel}","templated":true}]}}